{"id":2215,"date":"2022-02-16T16:45:56","date_gmt":"2022-02-16T14:45:56","guid":{"rendered":"https:\/\/nommos.me\/product\/beach-bum\/"},"modified":"2022-11-07T10:54:46","modified_gmt":"2022-11-07T08:54:46","slug":"beach-bum","status":"publish","type":"product","link":"https:\/\/nommos.me\/sl\/izdelek\/beach-bum\/","title":{"rendered":"Beach Bum"},"content":{"rendered":"","protected":false},"excerpt":{"rendered":"<p>Pla\u017ea, morje, vodni \u0161porti, super dru\u017eba, dobra glasba in pozitivne vibracije. Le kdo se ne \u017eeli odklopiti in si privo\u0161\u010diti kak\u0161nega tedna le\u017eernega \u017eivljenja nekje dale\u010d od vseh obveznosti in skrbi?<\/p>\n","protected":false},"featured_media":2159,"template":"","meta":{"site-sidebar-layout":"default","site-content-layout":"default","ast-global-header-display":"","ast-main-header-display":"","ast-hfb-above-header-display":"","ast-hfb-below-header-display":"","ast-hfb-mobile-header-display":"","site-post-title":"","ast-breadcrumbs-content":"","ast-featured-img":"","footer-sml-layout":"","theme-transparent-header-meta":"default","adv-header-id-meta":"","stick-header-meta":"","header-above-stick-meta":"","header-main-stick-meta":"","header-below-stick-meta":""},"product_brand":[],"product_cat":[36],"product_tag":[],"class_list":{"0":"post-2215","1":"product","2":"type-product","3":"status-publish","4":"has-post-thumbnail","6":"product_cat-towels-sl","7":"desktop-align-left","8":"tablet-align-left","9":"mobile-align-left","11":"first","12":"instock","13":"sale","14":"shipping-taxable","15":"purchasable","16":"product-type-simple"},"acf":[],"yoast_head":"<!-- This site is optimized with the Yoast SEO plugin v25.4 - https:\/\/yoast.com\/wordpress\/plugins\/seo\/ -->\n<title>Beach Bum - Nommos<\/title>\n<meta name=\"robots\" content=\"index, follow, max-snippet:-1, max-image-preview:large, max-video-preview:-1\" \/>\n<link rel=\"canonical\" href=\"https:\/\/nommos.me\/sl\/izdelek\/beach-bum\/\" \/>\n<meta property=\"og:locale\" content=\"sl_SI\" \/>\n<meta property=\"og:type\" content=\"article\" \/>\n<meta property=\"og:title\" content=\"Beach Bum - Nommos\" \/>\n<meta property=\"og:description\" content=\"Pla\u017ea, morje, vodni \u0161porti, super dru\u017eba, dobra glasba in pozitivne vibracije. Le kdo se ne \u017eeli odklopiti in si privo\u0161\u010diti kak\u0161nega tedna le\u017eernega \u017eivljenja nekje dale\u010d od vseh obveznosti in skrbi?\" \/>\n<meta property=\"og:url\" content=\"https:\/\/nommos.me\/sl\/izdelek\/beach-bum\/\" \/>\n<meta property=\"og:site_name\" content=\"Nommos\" \/>\n<meta property=\"article:modified_time\" content=\"2022-11-07T08:54:46+00:00\" \/>\n<meta property=\"og:image\" content=\"http:\/\/nommos.me\/wp-content\/uploads\/2022\/02\/bum_front.jpg\" \/>\n\t<meta property=\"og:image:width\" content=\"667\" \/>\n\t<meta property=\"og:image:height\" content=\"1000\" \/>\n\t<meta property=\"og:image:type\" content=\"image\/jpeg\" \/>\n<meta name=\"twitter:card\" content=\"summary_large_image\" \/>\n<script type=\"application\/ld+json\" class=\"yoast-schema-graph\">{\"@context\":\"https:\/\/schema.org\",\"@graph\":[{\"@type\":\"WebPage\",\"@id\":\"https:\/\/nommos.me\/sl\/izdelek\/beach-bum\/\",\"url\":\"https:\/\/nommos.me\/sl\/izdelek\/beach-bum\/\",\"name\":\"Beach Bum - Nommos\",\"isPartOf\":{\"@id\":\"https:\/\/nommos.me\/#website\"},\"primaryImageOfPage\":{\"@id\":\"https:\/\/nommos.me\/sl\/izdelek\/beach-bum\/#primaryimage\"},\"image\":{\"@id\":\"https:\/\/nommos.me\/sl\/izdelek\/beach-bum\/#primaryimage\"},\"thumbnailUrl\":\"https:\/\/nommos.me\/wp-content\/uploads\/2022\/02\/Nommos24-03b-36.jpg\",\"datePublished\":\"2022-02-16T14:45:56+00:00\",\"dateModified\":\"2022-11-07T08:54:46+00:00\",\"breadcrumb\":{\"@id\":\"https:\/\/nommos.me\/sl\/izdelek\/beach-bum\/#breadcrumb\"},\"inLanguage\":\"sl-SI\",\"potentialAction\":[{\"@type\":\"ReadAction\",\"target\":[\"https:\/\/nommos.me\/sl\/izdelek\/beach-bum\/\"]}]},{\"@type\":\"ImageObject\",\"inLanguage\":\"sl-SI\",\"@id\":\"https:\/\/nommos.me\/sl\/izdelek\/beach-bum\/#primaryimage\",\"url\":\"https:\/\/nommos.me\/wp-content\/uploads\/2022\/02\/Nommos24-03b-36.jpg\",\"contentUrl\":\"https:\/\/nommos.me\/wp-content\/uploads\/2022\/02\/Nommos24-03b-36.jpg\",\"width\":1024,\"height\":1536},{\"@type\":\"BreadcrumbList\",\"@id\":\"https:\/\/nommos.me\/sl\/izdelek\/beach-bum\/#breadcrumb\",\"itemListElement\":[{\"@type\":\"ListItem\",\"position\":1,\"name\":\"Home\",\"item\":\"https:\/\/nommos.me\/\"},{\"@type\":\"ListItem\",\"position\":2,\"name\":\"Products\",\"item\":\"https:\/\/nommos.me\/shop\/\"},{\"@type\":\"ListItem\",\"position\":3,\"name\":\"Beach Bum\"}]},{\"@type\":\"WebSite\",\"@id\":\"https:\/\/nommos.me\/#website\",\"url\":\"https:\/\/nommos.me\/\",\"name\":\"Nommos\",\"description\":\"For Active Lifestyle\",\"publisher\":{\"@id\":\"https:\/\/nommos.me\/#organization\"},\"potentialAction\":[{\"@type\":\"SearchAction\",\"target\":{\"@type\":\"EntryPoint\",\"urlTemplate\":\"https:\/\/nommos.me\/?s={search_term_string}\"},\"query-input\":{\"@type\":\"PropertyValueSpecification\",\"valueRequired\":true,\"valueName\":\"search_term_string\"}}],\"inLanguage\":\"sl-SI\"},{\"@type\":\"Organization\",\"@id\":\"https:\/\/nommos.me\/#organization\",\"name\":\"Nommos\",\"url\":\"https:\/\/nommos.me\/\",\"logo\":{\"@type\":\"ImageObject\",\"inLanguage\":\"sl-SI\",\"@id\":\"https:\/\/nommos.me\/#\/schema\/logo\/image\/\",\"url\":\"http:\/\/nommos.me\/wp-content\/uploads\/2022\/02\/nommos_Logo_outline_sign.jpg\",\"contentUrl\":\"http:\/\/nommos.me\/wp-content\/uploads\/2022\/02\/nommos_Logo_outline_sign.jpg\",\"width\":700,\"height\":822,\"caption\":\"Nommos\"},\"image\":{\"@id\":\"https:\/\/nommos.me\/#\/schema\/logo\/image\/\"}}]}<\/script>\n<!-- \/ Yoast SEO plugin. -->","yoast_head_json":{"title":"Beach Bum - Nommos","robots":{"index":"index","follow":"follow","max-snippet":"max-snippet:-1","max-image-preview":"max-image-preview:large","max-video-preview":"max-video-preview:-1"},"canonical":"https:\/\/nommos.me\/sl\/izdelek\/beach-bum\/","og_locale":"sl_SI","og_type":"article","og_title":"Beach Bum - Nommos","og_description":"Pla\u017ea, morje, vodni \u0161porti, super dru\u017eba, dobra glasba in pozitivne vibracije. Le kdo se ne \u017eeli odklopiti in si privo\u0161\u010diti kak\u0161nega tedna le\u017eernega \u017eivljenja nekje dale\u010d od vseh obveznosti in skrbi?","og_url":"https:\/\/nommos.me\/sl\/izdelek\/beach-bum\/","og_site_name":"Nommos","article_modified_time":"2022-11-07T08:54:46+00:00","og_image":[{"width":667,"height":1000,"url":"http:\/\/nommos.me\/wp-content\/uploads\/2022\/02\/bum_front.jpg","type":"image\/jpeg"}],"twitter_card":"summary_large_image","schema":{"@context":"https:\/\/schema.org","@graph":[{"@type":"WebPage","@id":"https:\/\/nommos.me\/sl\/izdelek\/beach-bum\/","url":"https:\/\/nommos.me\/sl\/izdelek\/beach-bum\/","name":"Beach Bum - Nommos","isPartOf":{"@id":"https:\/\/nommos.me\/#website"},"primaryImageOfPage":{"@id":"https:\/\/nommos.me\/sl\/izdelek\/beach-bum\/#primaryimage"},"image":{"@id":"https:\/\/nommos.me\/sl\/izdelek\/beach-bum\/#primaryimage"},"thumbnailUrl":"https:\/\/nommos.me\/wp-content\/uploads\/2022\/02\/Nommos24-03b-36.jpg","datePublished":"2022-02-16T14:45:56+00:00","dateModified":"2022-11-07T08:54:46+00:00","breadcrumb":{"@id":"https:\/\/nommos.me\/sl\/izdelek\/beach-bum\/#breadcrumb"},"inLanguage":"sl-SI","potentialAction":[{"@type":"ReadAction","target":["https:\/\/nommos.me\/sl\/izdelek\/beach-bum\/"]}]},{"@type":"ImageObject","inLanguage":"sl-SI","@id":"https:\/\/nommos.me\/sl\/izdelek\/beach-bum\/#primaryimage","url":"https:\/\/nommos.me\/wp-content\/uploads\/2022\/02\/Nommos24-03b-36.jpg","contentUrl":"https:\/\/nommos.me\/wp-content\/uploads\/2022\/02\/Nommos24-03b-36.jpg","width":1024,"height":1536},{"@type":"BreadcrumbList","@id":"https:\/\/nommos.me\/sl\/izdelek\/beach-bum\/#breadcrumb","itemListElement":[{"@type":"ListItem","position":1,"name":"Home","item":"https:\/\/nommos.me\/"},{"@type":"ListItem","position":2,"name":"Products","item":"https:\/\/nommos.me\/shop\/"},{"@type":"ListItem","position":3,"name":"Beach Bum"}]},{"@type":"WebSite","@id":"https:\/\/nommos.me\/#website","url":"https:\/\/nommos.me\/","name":"Nommos","description":"For Active Lifestyle","publisher":{"@id":"https:\/\/nommos.me\/#organization"},"potentialAction":[{"@type":"SearchAction","target":{"@type":"EntryPoint","urlTemplate":"https:\/\/nommos.me\/?s={search_term_string}"},"query-input":{"@type":"PropertyValueSpecification","valueRequired":true,"valueName":"search_term_string"}}],"inLanguage":"sl-SI"},{"@type":"Organization","@id":"https:\/\/nommos.me\/#organization","name":"Nommos","url":"https:\/\/nommos.me\/","logo":{"@type":"ImageObject","inLanguage":"sl-SI","@id":"https:\/\/nommos.me\/#\/schema\/logo\/image\/","url":"http:\/\/nommos.me\/wp-content\/uploads\/2022\/02\/nommos_Logo_outline_sign.jpg","contentUrl":"http:\/\/nommos.me\/wp-content\/uploads\/2022\/02\/nommos_Logo_outline_sign.jpg","width":700,"height":822,"caption":"Nommos"},"image":{"@id":"https:\/\/nommos.me\/#\/schema\/logo\/image\/"}}]}},"_links":{"self":[{"href":"https:\/\/nommos.me\/sl\/wp-json\/wp\/v2\/product\/2215","targetHints":{"allow":["GET"]}}],"collection":[{"href":"https:\/\/nommos.me\/sl\/wp-json\/wp\/v2\/product"}],"about":[{"href":"https:\/\/nommos.me\/sl\/wp-json\/wp\/v2\/types\/product"}],"wp:featuredmedia":[{"embeddable":true,"href":"https:\/\/nommos.me\/sl\/wp-json\/wp\/v2\/media\/2159"}],"wp:attachment":[{"href":"https:\/\/nommos.me\/sl\/wp-json\/wp\/v2\/media?parent=2215"}],"wp:term":[{"taxonomy":"product_brand","embeddable":true,"href":"https:\/\/nommos.me\/sl\/wp-json\/wp\/v2\/product_brand?post=2215"},{"taxonomy":"product_cat","embeddable":true,"href":"https:\/\/nommos.me\/sl\/wp-json\/wp\/v2\/product_cat?post=2215"},{"taxonomy":"product_tag","embeddable":true,"href":"https:\/\/nommos.me\/sl\/wp-json\/wp\/v2\/product_tag?post=2215"}],"curies":[{"name":"wp","href":"https:\/\/api.w.org\/{rel}","templated":true}]}}