{"id":2343,"date":"2022-06-12T16:21:58","date_gmt":"2022-06-12T14:21:58","guid":{"rendered":"https:\/\/nommos.me\/cookie-notice\/"},"modified":"2022-11-07T15:52:11","modified_gmt":"2022-11-07T13:52:11","slug":"o-piskotkih","status":"publish","type":"page","link":"https:\/\/nommos.me\/sl\/o-piskotkih\/","title":{"rendered":"O pi\u0161kotkih"},"content":{"rendered":"\t\t<div data-elementor-type=\"wp-page\" data-elementor-id=\"2343\" data-post-id=\"2343\" data-obj-id=\"2343\" class=\"elementor elementor-2343 dce-elementor-post-2343 elementor-785\">\n\t\t\t\t\t\t<div class=\"elementor-inner\">\n\t\t\t\t<div class=\"elementor-section-wrap\">\n\t\t\t\t\t\t\t\t\t<section class=\"has_eae_slider elementor-section elementor-top-section elementor-element elementor-element-995acbc elementor-section-boxed elementor-section-height-default elementor-section-height-default tf-sticky-section tf-sticky-no\" data-id=\"995acbc\" data-element_type=\"section\" data-settings=\"{&quot;tf_sticky&quot;:&quot;no&quot;}\">\n\t\t\t\t\t\t<div class=\"elementor-container elementor-column-gap-default\">\n\t\t\t\t\t\t\t<div class=\"elementor-row\">\n\t\t\t\t\t<div class=\"has_eae_slider elementor-column elementor-col-100 elementor-top-column elementor-element elementor-element-ea10a36\" data-id=\"ea10a36\" data-element_type=\"column\">\n\t\t\t<div class=\"elementor-column-wrap elementor-element-populated\">\n\t\t\t\t\t\t\t<div class=\"elementor-widget-wrap\">\n\t\t\t\t\t\t<div class=\"elementor-element elementor-element-e665d2f elementor-widget elementor-widget-heading\" data-id=\"e665d2f\" data-element_type=\"widget\" data-widget_type=\"heading.default\">\n\t\t\t\t<div class=\"elementor-widget-container\">\n\t\t\t<h2 class=\"elementor-heading-title elementor-size-default\">O pi\u0161kotkih<\/h2>\t\t<\/div>\n\t\t\t\t<\/div>\n\t\t\t\t<div class=\"elementor-element elementor-element-1cb052c elementor-widget elementor-widget-text-editor\" data-id=\"1cb052c\" data-element_type=\"widget\" data-widget_type=\"text-editor.default\">\n\t\t\t\t<div class=\"elementor-widget-container\">\n\t\t\t\t\t\t\t\t<div class=\"elementor-text-editor elementor-clearfix\">\n\t\t\t\t<p><strong>Kaj so pi\u0161kotki?<\/strong><\/p><p>Pi\u0161kotki so male besedilne datoteke, ki jih ve\u010dina spletnih mest shrani v naprave uporabnikov s katerimi\u00a0dostopajo do interneta z namenom prepoznavanja posameznih naprav, ki so jih uporabniki uporabili pri dostopu.<\/p><p>Njihovo shranjevanje je pod popolnim nadzorom brskalnika, ki ga uporablja uporabnik \u2013 ta lahko shranjevanje<br \/>pi\u0161kotkov po \u017eelji omeji ali onemogo\u010di.<\/p><p><strong>Zakaj so pi\u0161kotki potrebni?<\/strong><\/p><p>Pi\u0161kotki so temeljnega pomena za zagotavljanje uporabniku prijaznih spletnih storitev. Najpogostej\u0161e funkcije eposlovanja ne bi bile mogo\u010de brez pi\u0161kotkov. Interakcija med spletnim uporabnikom in spletno stranjo je s pomo\u010djo pi\u0161kotkov hitrej\u0161a in enostavnej\u0161a. Z njihovo pomo\u010djo si spletna stran zapomni posameznikove preference in izku\u0161nje, s tem je prihranjen \u010das, brskanje po spletnih straneh pa je s tem bolj u\u010dinkovito in prijetno.<\/p><p><strong>Zakaj spletne strani uporabljajo pi\u0161kotke?<\/strong><\/p><p>Pi\u0161kotke uporablja ve\u010dina spletnih strani, so priro\u010dno sredstvo za ohranjanje sve\u017ee in primerne vsebine, ki je v skladu z interesi in preferencami posameznega spletnega uporabnika. Razlogov za uporabo pi\u0161kotkov je tako ve\u010d, kot prvi gotovo njihova lastnost shranjevanja podatkov o stanju posamezne spletne strani (podrobnosti o prilagoditvah posamezne spletne strani), pomagajo pri izvajanju raznih spletnih storitev (spletne trgovine), pomagajo pri zbiranju raznih statistik, o navadah spletnega uporabnika \u2013 saj se le z njimi lahko spremlja pogostost obiskovanja dolo\u010dene spletne strani.<br \/>Podjetja lahko s pomo\u010djo pi\u0161kotkov ocenijo u\u010dinkovitost zasnove svojih spletnih strani, kot tudi ustreznost vrste in \u0161tevila oglasov, ki jih ponujajo uporabnikom na svojih spletnih straneh.<\/p><p>Ve\u010d informacij o pi\u0161kotkih: <a href=\"http:\/\/www.moss-soz.si\/si\/o_raziskavi\/piskotki\/\" target=\"_blank\" rel=\"noopener\">http:\/\/www.moss-soz.si\/si\/o_raziskavi\/piskotki\/<\/a><\/p><p><strong>Katere podatke vsebuje spletno mesto?<\/strong><\/p><p>Ime, Namen, Trajanje, Podjetje<br \/>_ga<br \/>_gat Statistics<br \/>Statistics 1s<br \/>10min Google<br \/>Google<b><\/b><\/p><p><strong>Kako lahko zavrnem in zbri\u0161em pi\u0161kotke?<\/strong><\/p><p>Pi\u0161kotkov ne uporabljamo za zbiranje osebnih podatkov o uporabnikih. Kakorkoli, \u010de \u017eelite, lahko pi\u0161kotke zavrnete ali blokirate, tako da spremenite nastavitve brskalnika \u2013 za ve\u010d informacij glejte funkcijo \u201cPomo\u010d\u201d v va\u0161em brskalniku. Prosimo upo\u0161tevajte, da ve\u010dina brskalnikov samodejno sprejema pi\u0161kotke. \u010ce ne \u017eelite uporabljati pi\u0161kotkov, jih boste morda zato morali aktivno zbrisati ali blokirati. Za informacije o uporabi pi\u0161kotkov v brskalnikih mobilnih telefonov in podrobnosti o tem, kako zavrniti ali zbrisati tak\u0161ne pi\u0161kotke, se prosimo obrnite na priro\u010dnik za uporabo va\u0161ega mobilnega telefona. Vedite, da boste z zavrnitvijo uporabe pi\u0161kotkov \u0161e vedno lahko obiskovali na\u0161e spletne strani, le nekatere funkcije morda ne bodo delovale pravilno.<\/p>\t\t\t\t\t<\/div>\n\t\t\t\t\t\t<\/div>\n\t\t\t\t<\/div>\n\t\t\t\t\t\t<\/div>\n\t\t\t\t\t<\/div>\n\t\t<\/div>\n\t\t\t\t\t\t\t\t<\/div>\n\t\t\t\t\t<\/div>\n\t\t<\/section>\n\t\t\t\t\t\t\t\t\t<\/div>\n\t\t\t<\/div>\n\t\t\t\t\t<\/div>\n\t\t","protected":false},"excerpt":{"rendered":"<p>O pi\u0161kotkih Kaj so pi\u0161kotki? Pi\u0161kotki so male besedilne datoteke, ki jih ve\u010dina spletnih mest shrani v naprave uporabnikov s katerimi\u00a0dostopajo do interneta z namenom prepoznavanja posameznih naprav, ki so jih uporabniki uporabili pri dostopu. Njihovo shranjevanje je pod popolnim nadzorom brskalnika, ki ga uporablja uporabnik \u2013 ta lahko shranjevanjepi\u0161kotkov po \u017eelji omeji ali onemogo\u010di. &hellip;<\/p>\n<p class=\"read-more\"> <a class=\"\" href=\"https:\/\/nommos.me\/sl\/o-piskotkih\/\"> <span class=\"screen-reader-text\">O pi\u0161kotkih<\/span> Read More &raquo;<\/a><\/p>\n","protected":false},"author":2,"featured_media":0,"parent":0,"menu_order":0,"comment_status":"closed","ping_status":"closed","template":"elementor_header_footer","meta":{"site-sidebar-layout":"no-sidebar","site-content-layout":"page-builder","ast-global-header-display":"","ast-main-header-display":"","ast-hfb-above-header-display":"","ast-hfb-below-header-display":"","ast-hfb-mobile-header-display":"","site-post-title":"disabled","ast-breadcrumbs-content":"","ast-featured-img":"disabled","footer-sml-layout":"","theme-transparent-header-meta":"default","adv-header-id-meta":"","stick-header-meta":"","header-above-stick-meta":"","header-main-stick-meta":"","header-below-stick-meta":"","footnotes":""},"class_list":["post-2343","page","type-page","status-publish","hentry"],"acf":[],"yoast_head":"<!-- This site is optimized with the Yoast SEO plugin v25.4 - https:\/\/yoast.com\/wordpress\/plugins\/seo\/ -->\n<title>O pi\u0161kotkih - Nommos<\/title>\n<meta name=\"robots\" content=\"index, follow, max-snippet:-1, max-image-preview:large, max-video-preview:-1\" \/>\n<link rel=\"canonical\" href=\"https:\/\/nommos.me\/sl\/o-piskotkih\/\" \/>\n<meta property=\"og:locale\" content=\"sl_SI\" \/>\n<meta property=\"og:type\" content=\"article\" \/>\n<meta property=\"og:title\" content=\"O pi\u0161kotkih - Nommos\" \/>\n<meta property=\"og:description\" content=\"O pi\u0161kotkih Kaj so pi\u0161kotki? Pi\u0161kotki so male besedilne datoteke, ki jih ve\u010dina spletnih mest shrani v naprave uporabnikov s katerimi\u00a0dostopajo do interneta z namenom prepoznavanja posameznih naprav, ki so jih uporabniki uporabili pri dostopu. Njihovo shranjevanje je pod popolnim nadzorom brskalnika, ki ga uporablja uporabnik \u2013 ta lahko shranjevanjepi\u0161kotkov po \u017eelji omeji ali onemogo\u010di. &hellip; O pi\u0161kotkih Read More &raquo;\" \/>\n<meta property=\"og:url\" content=\"https:\/\/nommos.me\/sl\/o-piskotkih\/\" \/>\n<meta property=\"og:site_name\" content=\"Nommos\" \/>\n<meta property=\"article:modified_time\" content=\"2022-11-07T13:52:11+00:00\" \/>\n<meta name=\"twitter:card\" content=\"summary_large_image\" \/>\n<meta name=\"twitter:label1\" content=\"Est. reading time\" \/>\n\t<meta name=\"twitter:data1\" content=\"3 minute\" \/>\n<script type=\"application\/ld+json\" class=\"yoast-schema-graph\">{\"@context\":\"https:\/\/schema.org\",\"@graph\":[{\"@type\":\"WebPage\",\"@id\":\"https:\/\/nommos.me\/sl\/o-piskotkih\/\",\"url\":\"https:\/\/nommos.me\/sl\/o-piskotkih\/\",\"name\":\"O pi\u0161kotkih - Nommos\",\"isPartOf\":{\"@id\":\"https:\/\/nommos.me\/#website\"},\"datePublished\":\"2022-06-12T14:21:58+00:00\",\"dateModified\":\"2022-11-07T13:52:11+00:00\",\"breadcrumb\":{\"@id\":\"https:\/\/nommos.me\/sl\/o-piskotkih\/#breadcrumb\"},\"inLanguage\":\"sl-SI\",\"potentialAction\":[{\"@type\":\"ReadAction\",\"target\":[\"https:\/\/nommos.me\/sl\/o-piskotkih\/\"]}]},{\"@type\":\"BreadcrumbList\",\"@id\":\"https:\/\/nommos.me\/sl\/o-piskotkih\/#breadcrumb\",\"itemListElement\":[{\"@type\":\"ListItem\",\"position\":1,\"name\":\"Home\",\"item\":\"https:\/\/nommos.me\/\"},{\"@type\":\"ListItem\",\"position\":2,\"name\":\"O pi\u0161kotkih\"}]},{\"@type\":\"WebSite\",\"@id\":\"https:\/\/nommos.me\/#website\",\"url\":\"https:\/\/nommos.me\/\",\"name\":\"Nommos\",\"description\":\"For Active Lifestyle\",\"publisher\":{\"@id\":\"https:\/\/nommos.me\/#organization\"},\"potentialAction\":[{\"@type\":\"SearchAction\",\"target\":{\"@type\":\"EntryPoint\",\"urlTemplate\":\"https:\/\/nommos.me\/?s={search_term_string}\"},\"query-input\":{\"@type\":\"PropertyValueSpecification\",\"valueRequired\":true,\"valueName\":\"search_term_string\"}}],\"inLanguage\":\"sl-SI\"},{\"@type\":\"Organization\",\"@id\":\"https:\/\/nommos.me\/#organization\",\"name\":\"Nommos\",\"url\":\"https:\/\/nommos.me\/\",\"logo\":{\"@type\":\"ImageObject\",\"inLanguage\":\"sl-SI\",\"@id\":\"https:\/\/nommos.me\/#\/schema\/logo\/image\/\",\"url\":\"http:\/\/nommos.me\/wp-content\/uploads\/2022\/02\/nommos_Logo_outline_sign.jpg\",\"contentUrl\":\"http:\/\/nommos.me\/wp-content\/uploads\/2022\/02\/nommos_Logo_outline_sign.jpg\",\"width\":700,\"height\":822,\"caption\":\"Nommos\"},\"image\":{\"@id\":\"https:\/\/nommos.me\/#\/schema\/logo\/image\/\"}}]}<\/script>\n<!-- \/ Yoast SEO plugin. -->","yoast_head_json":{"title":"O pi\u0161kotkih - Nommos","robots":{"index":"index","follow":"follow","max-snippet":"max-snippet:-1","max-image-preview":"max-image-preview:large","max-video-preview":"max-video-preview:-1"},"canonical":"https:\/\/nommos.me\/sl\/o-piskotkih\/","og_locale":"sl_SI","og_type":"article","og_title":"O pi\u0161kotkih - Nommos","og_description":"O pi\u0161kotkih Kaj so pi\u0161kotki? Pi\u0161kotki so male besedilne datoteke, ki jih ve\u010dina spletnih mest shrani v naprave uporabnikov s katerimi\u00a0dostopajo do interneta z namenom prepoznavanja posameznih naprav, ki so jih uporabniki uporabili pri dostopu. Njihovo shranjevanje je pod popolnim nadzorom brskalnika, ki ga uporablja uporabnik \u2013 ta lahko shranjevanjepi\u0161kotkov po \u017eelji omeji ali onemogo\u010di. &hellip; O pi\u0161kotkih Read More &raquo;","og_url":"https:\/\/nommos.me\/sl\/o-piskotkih\/","og_site_name":"Nommos","article_modified_time":"2022-11-07T13:52:11+00:00","twitter_card":"summary_large_image","twitter_misc":{"Est. reading time":"3 minute"},"schema":{"@context":"https:\/\/schema.org","@graph":[{"@type":"WebPage","@id":"https:\/\/nommos.me\/sl\/o-piskotkih\/","url":"https:\/\/nommos.me\/sl\/o-piskotkih\/","name":"O pi\u0161kotkih - Nommos","isPartOf":{"@id":"https:\/\/nommos.me\/#website"},"datePublished":"2022-06-12T14:21:58+00:00","dateModified":"2022-11-07T13:52:11+00:00","breadcrumb":{"@id":"https:\/\/nommos.me\/sl\/o-piskotkih\/#breadcrumb"},"inLanguage":"sl-SI","potentialAction":[{"@type":"ReadAction","target":["https:\/\/nommos.me\/sl\/o-piskotkih\/"]}]},{"@type":"BreadcrumbList","@id":"https:\/\/nommos.me\/sl\/o-piskotkih\/#breadcrumb","itemListElement":[{"@type":"ListItem","position":1,"name":"Home","item":"https:\/\/nommos.me\/"},{"@type":"ListItem","position":2,"name":"O pi\u0161kotkih"}]},{"@type":"WebSite","@id":"https:\/\/nommos.me\/#website","url":"https:\/\/nommos.me\/","name":"Nommos","description":"For Active Lifestyle","publisher":{"@id":"https:\/\/nommos.me\/#organization"},"potentialAction":[{"@type":"SearchAction","target":{"@type":"EntryPoint","urlTemplate":"https:\/\/nommos.me\/?s={search_term_string}"},"query-input":{"@type":"PropertyValueSpecification","valueRequired":true,"valueName":"search_term_string"}}],"inLanguage":"sl-SI"},{"@type":"Organization","@id":"https:\/\/nommos.me\/#organization","name":"Nommos","url":"https:\/\/nommos.me\/","logo":{"@type":"ImageObject","inLanguage":"sl-SI","@id":"https:\/\/nommos.me\/#\/schema\/logo\/image\/","url":"http:\/\/nommos.me\/wp-content\/uploads\/2022\/02\/nommos_Logo_outline_sign.jpg","contentUrl":"http:\/\/nommos.me\/wp-content\/uploads\/2022\/02\/nommos_Logo_outline_sign.jpg","width":700,"height":822,"caption":"Nommos"},"image":{"@id":"https:\/\/nommos.me\/#\/schema\/logo\/image\/"}}]}},"_links":{"self":[{"href":"https:\/\/nommos.me\/sl\/wp-json\/wp\/v2\/pages\/2343","targetHints":{"allow":["GET"]}}],"collection":[{"href":"https:\/\/nommos.me\/sl\/wp-json\/wp\/v2\/pages"}],"about":[{"href":"https:\/\/nommos.me\/sl\/wp-json\/wp\/v2\/types\/page"}],"author":[{"embeddable":true,"href":"https:\/\/nommos.me\/sl\/wp-json\/wp\/v2\/users\/2"}],"replies":[{"embeddable":true,"href":"https:\/\/nommos.me\/sl\/wp-json\/wp\/v2\/comments?post=2343"}],"version-history":[{"count":7,"href":"https:\/\/nommos.me\/sl\/wp-json\/wp\/v2\/pages\/2343\/revisions"}],"predecessor-version":[{"id":2390,"href":"https:\/\/nommos.me\/sl\/wp-json\/wp\/v2\/pages\/2343\/revisions\/2390"}],"wp:attachment":[{"href":"https:\/\/nommos.me\/sl\/wp-json\/wp\/v2\/media?parent=2343"}],"curies":[{"name":"wp","href":"https:\/\/api.w.org\/{rel}","templated":true}]}}