{"id":2333,"date":"2022-06-20T13:33:55","date_gmt":"2022-06-20T11:33:55","guid":{"rendered":"https:\/\/nommos.me\/refund-policy\/"},"modified":"2022-11-07T15:32:19","modified_gmt":"2022-11-07T13:32:19","slug":"pravilnik-o-vracilu","status":"publish","type":"page","link":"https:\/\/nommos.me\/sl\/pravilnik-o-vracilu\/","title":{"rendered":"Pravilnik o vra\u010dilu"},"content":{"rendered":"\t\t<div data-elementor-type=\"wp-page\" data-elementor-id=\"2333\" data-post-id=\"2333\" data-obj-id=\"2333\" class=\"elementor elementor-2333 dce-elementor-post-2333 elementor-1265\">\n\t\t\t\t\t\t<div class=\"elementor-inner\">\n\t\t\t\t<div class=\"elementor-section-wrap\">\n\t\t\t\t\t\t\t\t\t<section class=\"has_eae_slider elementor-section elementor-top-section elementor-element elementor-element-56654bc elementor-section-boxed elementor-section-height-default elementor-section-height-default tf-sticky-section tf-sticky-no\" data-id=\"56654bc\" data-element_type=\"section\" data-settings=\"{&quot;tf_sticky&quot;:&quot;no&quot;}\">\n\t\t\t\t\t\t<div class=\"elementor-container elementor-column-gap-default\">\n\t\t\t\t\t\t\t<div class=\"elementor-row\">\n\t\t\t\t\t<div class=\"has_eae_slider elementor-column elementor-col-100 elementor-top-column elementor-element elementor-element-a1e9bd1\" data-id=\"a1e9bd1\" data-element_type=\"column\">\n\t\t\t<div class=\"elementor-column-wrap elementor-element-populated\">\n\t\t\t\t\t\t\t<div class=\"elementor-widget-wrap\">\n\t\t\t\t\t\t<div class=\"elementor-element elementor-element-a28ff8b elementor-widget elementor-widget-heading\" data-id=\"a28ff8b\" data-element_type=\"widget\" data-widget_type=\"heading.default\">\n\t\t\t\t<div class=\"elementor-widget-container\">\n\t\t\t<h2 class=\"elementor-heading-title elementor-size-default\">Pravilnik o vra\u010dilu<\/h2>\t\t<\/div>\n\t\t\t\t<\/div>\n\t\t\t\t<div class=\"elementor-element elementor-element-79365c2 elementor-widget elementor-widget-text-editor\" data-id=\"79365c2\" data-element_type=\"widget\" data-widget_type=\"text-editor.default\">\n\t\t\t\t<div class=\"elementor-widget-container\">\n\t\t\t\t\t\t\t\t<div class=\"elementor-text-editor elementor-clearfix\">\n\t\t\t\t<p><strong>1. VRA\u010cILO IZDELKA V 14 DNEH OD DOSTAVE IZDELKA<\/strong><\/p><p>Prepri\u010dani smo, da boste navdu\u0161eni nad va\u0161o novo Nommos brisa\u010do.\u00a0<\/p><p>V kolikor pa ob prevzemu vseeno ugotovite, da izdelek ne ustreza va\u0161im pri\u010dakovanjem, vas prosimo, da sledite spodnjim navodilom.<\/p><p><b>Kako vrniti izdelek?<\/b><\/p><p>\u010ce se odlo\u010dite za vra\u010dilo kupljenih izdelkov, nam o tem v 14 dneh od datuma dostave po\u0161ljite obvestilo na ask@nommos.me. Po poslanem obvestilu imate na voljo 14 dni \u010dasa, da izdelke po\u0161ljete na naslov na\u0161ega skladi\u0161\u010da:<\/p><p>Warehouse.si<br \/>Tr\u017ea\u0161ka cesta 132<br \/>1000 Ljubljana<br \/>Slovenija<\/p><p>V kolikor bodo izdelki vrnjeni na drug naslov \u017eal ne bomo mogli odobriti vra\u010dila.<\/p><p>Vrnjenemu izdelku nujno prilo\u017eite obrazec za vra\u010dilo izdelka, ki ga najdete tu.\u00a0<\/p><p>Za morebitne izgube po\u0161iljke oziroma vra\u010dila ne odgovarjamo. Zato vam svetujemo, da obdr\u017eite potrdilo o oddanem vra\u010dilu.\u00a0<\/p><p><b>V kak\u0161nem stanju mora biti vrnjen izdelek?<\/b><\/p><p>Izdelek mora biti nerabljen in nepo\u0161kodovan (npr. ne sme imeti made\u017eev, znakov uporabe, ne sme biti pran, imeti vonjav, odstranjene deklaracije ali drugih po\u0161kodb).<\/p><p>Vrnjen mora biti v originalni embala\u017ei z vsemi prilo\u017eenimi oznakami, deklaracijami in v stanju, ki omogo\u010da ponovno prodajo.\u00a0<\/p><p>\u010ce vrnjeni izdelek ni v stanju ponovne prodaje (ima made\u017ee, znake uporabe, je bil pran, ima vonj, odstranjeno deklaracijo ali drugo po\u0161kodbo), si pridr\u017eujemo pravico, da zavrnemo vra\u010dilo ali vrnemo le del pla\u010danega zneska.<\/p><p><b>Kak\u0161ne stro\u0161ke imam z vra\u010dilom in kdaj dobim povrnjene stro\u0161ke nakupa?<\/b><\/p><p>Ker smo majhno podjetje za zdaj ne moremo ponuditi brezpla\u010dnih vra\u010dil. Za stro\u0161ke po\u0161iljanja vrnjenih izdelkov je tako odgovoren kupec.<\/p><p>Vra\u010dilo kupnine za vrnjene izdelke vam bo vrnjeno z enakim pla\u010dilnim sredstvom kot ste ga uporabil za naro\u010dilo izdelka. Sredstva bodo vrnjena najkasneje v 14 dneh po prejemu vrnjenih izdelkov.\u00a0<\/p><p>Vra\u010dilo vklju\u010duje standardne stro\u0161ke po\u0161iljanja, ki ste jih pla\u010dali ob nakupu. \u010ce ste izbrali hitro dostavo, \u010deprav je obstajala mo\u017enost standardne dostave, ki bi povzro\u010dila ni\u017eje stro\u0161ke dostave, vam bomo povrnili samo standardne stro\u0161ke po\u0161iljanja.<\/p><p>Znesek nadomestila ne vklju\u010duje stro\u0161kov dobave ali carinskih pristojbin od dobavitelja kupcu in od kupca do dobavitelja.<\/p><p><b>Menjava izdelka<\/b><\/p><p>V primeru, da \u017eelite izdelek menjati za drug izdelek iz na\u0161e trgovine, vam krijemo le stro\u0161ke enkratnega po\u0161iljanja nadomestnega izdelka pri \u010demer stro\u0161ke vra\u010dila krijete sami. Ve\u010dkratna menjava izdelka ni mogo\u010da.<\/p><p>V kolikor ste za nakup izdelka uporabili kodo za popust ali izdelek kupili v akciji, ki je \u017ee potekla, ne ponujamo enakega popusta za nadomestni izdelek.<\/p><p><strong>2. VRA\u010cILO IZDELKA V PRIMERU NAPAKE<\/strong><\/p><p><b>Prejel\/a sem po\u0161kodovan, napa\u010den ali pomanjkljiv izdelek<\/b><\/p><p>Verjetnost za to je res majhna. V primeru, da vseeno pride do tega nam prosim \u010dimprej po\u0161ljite e-po\u0161tno sporo\u010dilo na naslov: ask@nommos.me.\u00a0<\/p><p>Opi\u0161ite za kak\u0161no te\u017eave gre, \u010de je le mo\u017eno pripnite tudi fotografijo po\u0161kodovanega izdelka (za opis te\u017eave uporabite slovenski ali angle\u0161ki jezik). Mi pa se bomo potrudili, da vam ponudimo re\u0161itev v najkraj\u0161em mo\u017enem \u010dasu.<\/p><p>Vse pravice kupca v zvezi z zgoraj opisanimi vra\u010dili izhajajo iz Splo\u0161nih pogojev poslovanja.<\/p>\t\t\t\t\t<\/div>\n\t\t\t\t\t\t<\/div>\n\t\t\t\t<\/div>\n\t\t\t\t<div class=\"elementor-element elementor-element-72c10d2 elementor-align-center elementor-widget elementor-widget-button\" data-id=\"72c10d2\" data-element_type=\"widget\" data-widget_type=\"button.default\">\n\t\t\t\t<div class=\"elementor-widget-container\">\n\t\t\t\t\t<div class=\"elementor-button-wrapper\">\n\t\t\t<a href=\"http:\/\/nommos.me\/wp-content\/uploads\/2022\/11\/05.-Obrazec-za-vracilo-zamenjavo.docx\" target=\"_blank\" class=\"elementor-button-link elementor-button elementor-size-lg elementor-animation-grow\" role=\"button\">\n\t\t\t\t\t\t<span class=\"elementor-button-content-wrapper\">\n\t\t\t\t\t\t\t<span class=\"elementor-button-icon elementor-align-icon-left\">\n\t\t\t\t<i aria-hidden=\"true\" class=\"far fa-file-word\"><\/i>\t\t\t<\/span>\n\t\t\t\t\t\t<span class=\"elementor-button-text\">Prenos obrazca za vra\u010dilo\/menjavo<\/span>\n\t\t<\/span>\n\t\t\t\t\t<\/a>\n\t\t<\/div>\n\t\t\t\t<\/div>\n\t\t\t\t<\/div>\n\t\t\t\t\t\t<\/div>\n\t\t\t\t\t<\/div>\n\t\t<\/div>\n\t\t\t\t\t\t\t\t<\/div>\n\t\t\t\t\t<\/div>\n\t\t<\/section>\n\t\t\t\t\t\t\t\t\t<\/div>\n\t\t\t<\/div>\n\t\t\t\t\t<\/div>\n\t\t","protected":false},"excerpt":{"rendered":"<p>Pravilnik o vra\u010dilu 1. VRA\u010cILO IZDELKA V 14 DNEH OD DOSTAVE IZDELKA Prepri\u010dani smo, da boste navdu\u0161eni nad va\u0161o novo Nommos brisa\u010do.\u00a0 V kolikor pa ob prevzemu vseeno ugotovite, da izdelek ne ustreza va\u0161im pri\u010dakovanjem, vas prosimo, da sledite spodnjim navodilom. Kako vrniti izdelek? \u010ce se odlo\u010dite za vra\u010dilo kupljenih izdelkov, nam o tem v &hellip;<\/p>\n<p class=\"read-more\"> <a class=\"\" href=\"https:\/\/nommos.me\/sl\/pravilnik-o-vracilu\/\"> <span class=\"screen-reader-text\">Pravilnik o vra\u010dilu<\/span> Read More &raquo;<\/a><\/p>\n","protected":false},"author":2,"featured_media":0,"parent":0,"menu_order":0,"comment_status":"closed","ping_status":"closed","template":"elementor_header_footer","meta":{"site-sidebar-layout":"no-sidebar","site-content-layout":"page-builder","ast-global-header-display":"","ast-main-header-display":"","ast-hfb-above-header-display":"","ast-hfb-below-header-display":"","ast-hfb-mobile-header-display":"","site-post-title":"disabled","ast-breadcrumbs-content":"","ast-featured-img":"disabled","footer-sml-layout":"","theme-transparent-header-meta":"default","adv-header-id-meta":"","stick-header-meta":"","header-above-stick-meta":"","header-main-stick-meta":"","header-below-stick-meta":"","footnotes":""},"class_list":["post-2333","page","type-page","status-publish","hentry"],"acf":[],"yoast_head":"<!-- This site is optimized with the Yoast SEO plugin v25.4 - https:\/\/yoast.com\/wordpress\/plugins\/seo\/ -->\n<title>Pravilnik o vra\u010dilu - Nommos<\/title>\n<meta name=\"robots\" content=\"index, follow, max-snippet:-1, max-image-preview:large, max-video-preview:-1\" \/>\n<link rel=\"canonical\" href=\"https:\/\/nommos.me\/sl\/pravilnik-o-vracilu\/\" \/>\n<meta property=\"og:locale\" content=\"sl_SI\" \/>\n<meta property=\"og:type\" content=\"article\" \/>\n<meta property=\"og:title\" content=\"Pravilnik o vra\u010dilu - Nommos\" \/>\n<meta property=\"og:description\" content=\"Pravilnik o vra\u010dilu 1. VRA\u010cILO IZDELKA V 14 DNEH OD DOSTAVE IZDELKA Prepri\u010dani smo, da boste navdu\u0161eni nad va\u0161o novo Nommos brisa\u010do.\u00a0 V kolikor pa ob prevzemu vseeno ugotovite, da izdelek ne ustreza va\u0161im pri\u010dakovanjem, vas prosimo, da sledite spodnjim navodilom. Kako vrniti izdelek? \u010ce se odlo\u010dite za vra\u010dilo kupljenih izdelkov, nam o tem v &hellip; Pravilnik o vra\u010dilu Read More &raquo;\" \/>\n<meta property=\"og:url\" content=\"https:\/\/nommos.me\/sl\/pravilnik-o-vracilu\/\" \/>\n<meta property=\"og:site_name\" content=\"Nommos\" \/>\n<meta property=\"article:modified_time\" content=\"2022-11-07T13:32:19+00:00\" \/>\n<meta name=\"twitter:card\" content=\"summary_large_image\" \/>\n<meta name=\"twitter:label1\" content=\"Est. reading time\" \/>\n\t<meta name=\"twitter:data1\" content=\"3 minute\" \/>\n<script type=\"application\/ld+json\" class=\"yoast-schema-graph\">{\"@context\":\"https:\/\/schema.org\",\"@graph\":[{\"@type\":\"WebPage\",\"@id\":\"https:\/\/nommos.me\/sl\/pravilnik-o-vracilu\/\",\"url\":\"https:\/\/nommos.me\/sl\/pravilnik-o-vracilu\/\",\"name\":\"Pravilnik o vra\u010dilu - Nommos\",\"isPartOf\":{\"@id\":\"https:\/\/nommos.me\/#website\"},\"datePublished\":\"2022-06-20T11:33:55+00:00\",\"dateModified\":\"2022-11-07T13:32:19+00:00\",\"breadcrumb\":{\"@id\":\"https:\/\/nommos.me\/sl\/pravilnik-o-vracilu\/#breadcrumb\"},\"inLanguage\":\"sl-SI\",\"potentialAction\":[{\"@type\":\"ReadAction\",\"target\":[\"https:\/\/nommos.me\/sl\/pravilnik-o-vracilu\/\"]}]},{\"@type\":\"BreadcrumbList\",\"@id\":\"https:\/\/nommos.me\/sl\/pravilnik-o-vracilu\/#breadcrumb\",\"itemListElement\":[{\"@type\":\"ListItem\",\"position\":1,\"name\":\"Home\",\"item\":\"https:\/\/nommos.me\/\"},{\"@type\":\"ListItem\",\"position\":2,\"name\":\"Pravilnik o vra\u010dilu\"}]},{\"@type\":\"WebSite\",\"@id\":\"https:\/\/nommos.me\/#website\",\"url\":\"https:\/\/nommos.me\/\",\"name\":\"Nommos\",\"description\":\"For Active Lifestyle\",\"publisher\":{\"@id\":\"https:\/\/nommos.me\/#organization\"},\"potentialAction\":[{\"@type\":\"SearchAction\",\"target\":{\"@type\":\"EntryPoint\",\"urlTemplate\":\"https:\/\/nommos.me\/?s={search_term_string}\"},\"query-input\":{\"@type\":\"PropertyValueSpecification\",\"valueRequired\":true,\"valueName\":\"search_term_string\"}}],\"inLanguage\":\"sl-SI\"},{\"@type\":\"Organization\",\"@id\":\"https:\/\/nommos.me\/#organization\",\"name\":\"Nommos\",\"url\":\"https:\/\/nommos.me\/\",\"logo\":{\"@type\":\"ImageObject\",\"inLanguage\":\"sl-SI\",\"@id\":\"https:\/\/nommos.me\/#\/schema\/logo\/image\/\",\"url\":\"http:\/\/nommos.me\/wp-content\/uploads\/2022\/02\/nommos_Logo_outline_sign.jpg\",\"contentUrl\":\"http:\/\/nommos.me\/wp-content\/uploads\/2022\/02\/nommos_Logo_outline_sign.jpg\",\"width\":700,\"height\":822,\"caption\":\"Nommos\"},\"image\":{\"@id\":\"https:\/\/nommos.me\/#\/schema\/logo\/image\/\"}}]}<\/script>\n<!-- \/ Yoast SEO plugin. -->","yoast_head_json":{"title":"Pravilnik o vra\u010dilu - Nommos","robots":{"index":"index","follow":"follow","max-snippet":"max-snippet:-1","max-image-preview":"max-image-preview:large","max-video-preview":"max-video-preview:-1"},"canonical":"https:\/\/nommos.me\/sl\/pravilnik-o-vracilu\/","og_locale":"sl_SI","og_type":"article","og_title":"Pravilnik o vra\u010dilu - Nommos","og_description":"Pravilnik o vra\u010dilu 1. VRA\u010cILO IZDELKA V 14 DNEH OD DOSTAVE IZDELKA Prepri\u010dani smo, da boste navdu\u0161eni nad va\u0161o novo Nommos brisa\u010do.\u00a0 V kolikor pa ob prevzemu vseeno ugotovite, da izdelek ne ustreza va\u0161im pri\u010dakovanjem, vas prosimo, da sledite spodnjim navodilom. Kako vrniti izdelek? \u010ce se odlo\u010dite za vra\u010dilo kupljenih izdelkov, nam o tem v &hellip; Pravilnik o vra\u010dilu Read More &raquo;","og_url":"https:\/\/nommos.me\/sl\/pravilnik-o-vracilu\/","og_site_name":"Nommos","article_modified_time":"2022-11-07T13:32:19+00:00","twitter_card":"summary_large_image","twitter_misc":{"Est. reading time":"3 minute"},"schema":{"@context":"https:\/\/schema.org","@graph":[{"@type":"WebPage","@id":"https:\/\/nommos.me\/sl\/pravilnik-o-vracilu\/","url":"https:\/\/nommos.me\/sl\/pravilnik-o-vracilu\/","name":"Pravilnik o vra\u010dilu - Nommos","isPartOf":{"@id":"https:\/\/nommos.me\/#website"},"datePublished":"2022-06-20T11:33:55+00:00","dateModified":"2022-11-07T13:32:19+00:00","breadcrumb":{"@id":"https:\/\/nommos.me\/sl\/pravilnik-o-vracilu\/#breadcrumb"},"inLanguage":"sl-SI","potentialAction":[{"@type":"ReadAction","target":["https:\/\/nommos.me\/sl\/pravilnik-o-vracilu\/"]}]},{"@type":"BreadcrumbList","@id":"https:\/\/nommos.me\/sl\/pravilnik-o-vracilu\/#breadcrumb","itemListElement":[{"@type":"ListItem","position":1,"name":"Home","item":"https:\/\/nommos.me\/"},{"@type":"ListItem","position":2,"name":"Pravilnik o vra\u010dilu"}]},{"@type":"WebSite","@id":"https:\/\/nommos.me\/#website","url":"https:\/\/nommos.me\/","name":"Nommos","description":"For Active Lifestyle","publisher":{"@id":"https:\/\/nommos.me\/#organization"},"potentialAction":[{"@type":"SearchAction","target":{"@type":"EntryPoint","urlTemplate":"https:\/\/nommos.me\/?s={search_term_string}"},"query-input":{"@type":"PropertyValueSpecification","valueRequired":true,"valueName":"search_term_string"}}],"inLanguage":"sl-SI"},{"@type":"Organization","@id":"https:\/\/nommos.me\/#organization","name":"Nommos","url":"https:\/\/nommos.me\/","logo":{"@type":"ImageObject","inLanguage":"sl-SI","@id":"https:\/\/nommos.me\/#\/schema\/logo\/image\/","url":"http:\/\/nommos.me\/wp-content\/uploads\/2022\/02\/nommos_Logo_outline_sign.jpg","contentUrl":"http:\/\/nommos.me\/wp-content\/uploads\/2022\/02\/nommos_Logo_outline_sign.jpg","width":700,"height":822,"caption":"Nommos"},"image":{"@id":"https:\/\/nommos.me\/#\/schema\/logo\/image\/"}}]}},"_links":{"self":[{"href":"https:\/\/nommos.me\/sl\/wp-json\/wp\/v2\/pages\/2333","targetHints":{"allow":["GET"]}}],"collection":[{"href":"https:\/\/nommos.me\/sl\/wp-json\/wp\/v2\/pages"}],"about":[{"href":"https:\/\/nommos.me\/sl\/wp-json\/wp\/v2\/types\/page"}],"author":[{"embeddable":true,"href":"https:\/\/nommos.me\/sl\/wp-json\/wp\/v2\/users\/2"}],"replies":[{"embeddable":true,"href":"https:\/\/nommos.me\/sl\/wp-json\/wp\/v2\/comments?post=2333"}],"version-history":[{"count":10,"href":"https:\/\/nommos.me\/sl\/wp-json\/wp\/v2\/pages\/2333\/revisions"}],"predecessor-version":[{"id":2378,"href":"https:\/\/nommos.me\/sl\/wp-json\/wp\/v2\/pages\/2333\/revisions\/2378"}],"wp:attachment":[{"href":"https:\/\/nommos.me\/sl\/wp-json\/wp\/v2\/media?parent=2333"}],"curies":[{"name":"wp","href":"https:\/\/api.w.org\/{rel}","templated":true}]}}