{"id":2322,"date":"2022-06-12T16:17:55","date_gmt":"2022-06-12T14:17:55","guid":{"rendered":"https:\/\/nommos.me\/privacy-policy\/"},"modified":"2022-11-07T11:37:26","modified_gmt":"2022-11-07T09:37:26","slug":"politika-zasebnosti","status":"publish","type":"page","link":"https:\/\/nommos.me\/sl\/politika-zasebnosti\/","title":{"rendered":"Politika zasebnosti"},"content":{"rendered":"\t\t<div data-elementor-type=\"wp-page\" data-elementor-id=\"2322\" data-post-id=\"2322\" data-obj-id=\"2322\" class=\"elementor elementor-2322 dce-elementor-post-2322 elementor-779\">\n\t\t\t\t\t\t<div class=\"elementor-inner\">\n\t\t\t\t<div class=\"elementor-section-wrap\">\n\t\t\t\t\t\t\t\t\t<section class=\"has_eae_slider elementor-section elementor-top-section elementor-element elementor-element-995acbc elementor-section-boxed elementor-section-height-default elementor-section-height-default tf-sticky-section tf-sticky-no\" data-id=\"995acbc\" data-element_type=\"section\" data-settings=\"{&quot;tf_sticky&quot;:&quot;no&quot;}\">\n\t\t\t\t\t\t<div class=\"elementor-container elementor-column-gap-default\">\n\t\t\t\t\t\t\t<div class=\"elementor-row\">\n\t\t\t\t\t<div class=\"has_eae_slider elementor-column elementor-col-100 elementor-top-column elementor-element elementor-element-ea10a36\" data-id=\"ea10a36\" data-element_type=\"column\">\n\t\t\t<div class=\"elementor-column-wrap elementor-element-populated\">\n\t\t\t\t\t\t\t<div class=\"elementor-widget-wrap\">\n\t\t\t\t\t\t<div class=\"elementor-element elementor-element-5dd4e2c elementor-widget elementor-widget-heading\" data-id=\"5dd4e2c\" data-element_type=\"widget\" data-widget_type=\"heading.default\">\n\t\t\t\t<div class=\"elementor-widget-container\">\n\t\t\t<h2 class=\"elementor-heading-title elementor-size-default\">Politika zasebnosti<\/h2>\t\t<\/div>\n\t\t\t\t<\/div>\n\t\t\t\t<div class=\"elementor-element elementor-element-1cb052c elementor-widget elementor-widget-text-editor\" data-id=\"1cb052c\" data-element_type=\"widget\" data-widget_type=\"text-editor.default\">\n\t\t\t\t<div class=\"elementor-widget-container\">\n\t\t\t\t\t\t\t\t<div class=\"elementor-text-editor elementor-clearfix\">\n\t\t\t\t<p><strong>1. SPLO\u0160NO<\/strong><\/p><p>Ponudnik Sebastjan \u0160oba s. p., Videm 18L, 1262 Dol pri Ljubljani Slovenija se zavezuje, da bo varoval zaupnost osebnih podatkov in zasebnost uporabnikov spletne trgovine Nommos. Zbrane osebne podatke bo ponudnik uporabljal izklju\u010dno za opravljanje storitev, ki jih ponuja. Ponudnik spo\u0161tuje zaupnost osebnih podatkov in zasebnost uporabnikov spletne trgovine ter uporabnikom obljublja, da bo njihove osebne podatke obravnaval v skladu s to politiko, veljavno zakonodajo in v skladu z \u017eeljami uporabnikom. Ponudnik bo storil vse potrebno, da jih za\u0161\u010diti pred kakr\u0161nimikoli kr\u0161itvami in zlorabami.\u00a0<\/p><p>Posredovanje uporabnikovih osebnih podatkov ponudniku je v dolo\u010denih primerih nujno, da lahko ponudnik (ki v tem primeru nastopa kot obdelovalec osebnih podatkov) izpolnjuje svoje pogodbene obveznosti do uporabnika. Ponudnik zbrane osebne podatke varuje skladno z Zakonom o varstvu osebnih podatkov (ZVOP-1), Zakonom o elektronskih komunikacijah in Splo\u0161no uredbo o varstvu podatkov (angl. General Data Protection Regulation \u2013 GDPR).<\/p><p>Osebni podatek je informacija, ki identificira uporabnika (npr. ime, priimek, elektronski naslov ali po\u0161tni naslov).<\/p><p>Ponudnik za potrebe opravljanja storitev, ki jih ponuja, zbira, vodi, obdeluje in shranjuje naslednje uporabnikove podatke:<\/p><ul><li aria-level=\"1\">ime in priimek uporabnika oziroma firmo oz. naziv pravne osebe (\u010de je uporabnik pravna oseba)<\/li><li aria-level=\"1\">dav\u010dno \u0161tevilko pravne osebe (\u010de je uporabnik pravna oseba)<\/li><li aria-level=\"1\">naslov uporabnika in naslov za dostavo, v kolikor se ta razlikuje od naslova uporabnika<\/li><li aria-level=\"1\">kontaktni podatki (naslov elektronske po\u0161te, telefonska \u0161tevilka)<\/li><li aria-level=\"1\">zgodovina nakupov v spletni trgovini<\/li><\/ul><p>Za pravilnost, popolnost in a\u017eurnost podatkov, ki jih vnese uporabnik, ponudnik ne odgovarja.<\/p><p>Podatkov ponudnik ne posreduje tretjim osebam, razen pogodbenim izvajalcem, s katerimi ima ponudnik sklenjeno pogodbo o varovanju osebnih podatkov in ki so pogodbeno zavezani k istim standardom varovanja osebnih podatkov kot ponudnik.<\/p><p>Ponudnik osebne podatke zbira z izrecno privolitvijo oz. soglasjem posameznikov. Soglasja hrani skupaj z njihovo vsebino in vsebino obrazca, s katerim so bila dobljena.<\/p><p>Zbirke osebnih podatkov ponudnik hrani na obmo\u010dju Republike Slovenije ter jih ne izna\u0161a v druge dr\u017eave.<\/p><p><strong>2. NAMEN OBDELAVE OSEBNIH PODATKOV<\/strong><\/p><p>Ponudnik osebne podatke obdeluje za naslednje namene:<\/p><p><strong>2.1 Naro\u010dila in dostava izdelkov<\/strong><\/p><p>V primeru, da se uporabnik odlo\u010di za nakup izdelkov ponudnika, ponudnik za izpolnitev naro\u010dila potrebuje dolo\u010dene osebne podatke uporabnika, brez katerih sicer ne bi mogel opraviti svojih obveznosti iz prodajne pogodbe. Podatke zbrane za ta namen ponudnik hrani na podlagi pogodbenega razmerja, in sicer jih skladno z dolo\u010dbo o hrambi ra\u010dunov na podlagi 86. \u010dlena Zakona o davku na dodano vrednost (ZDDV-1) hrani 10 let po poteku leta, v katerem je uporabnik opravil zadnje naro\u010dilo.<\/p><p>Za ta namen se obdelujejo naslednji osebni podatki: ime in priimek uporabnika (oziroma firma in poslovni naslov v primeru, da je uporabnik pravna oseba), naslov uporabnika in naslov za dostavo, v kolikor se ta razlikuje od naslova uporabnika, kontaktni podatki uporabnika (elektronski naslov in telefonska \u0161tevilka).<\/p><p><strong>2.2 Vra\u010dila izdelkov, reklamacije<\/strong><\/p><p>Podatke zbrane za ta namen ponudnik hrani na podlagi pogodbenega razmerja (nakupa izdelkov), ki ga je uporabnik opravil pri ponudniku, saj ponudnik druga\u010de ne more izpolniti svojih zakonskih obveznosti, ki izvirajo iz naslova odstopa kupca od pogodbe in \/ ali jam\u010devalnih zahtevkov kupca iz naslova stvarnih napak. Ponudnik osebne podatke skladno z dolo\u010dbo o hrambi ra\u010dunov na podlagi 86. \u010dlena Zakona o davku na dodano vrednost (ZDDV-1) hrani 10 let po poteku leta, v katerem je uporabnik opravil zadnje naro\u010dilo.<\/p><p>Za ta namen se obdelujejo naslednji osebni podatki: ime in priimek uporabnika (oziroma firma in poslovni naslov v primeru, da je uporabnik pravna oseba), naslov uporabnika in naslov za dostavo, v kolikor se ta razlikuje od naslova uporabnika, kontaktni podatki uporabnika (elektronski naslov in telefonska \u0161tevilka), zgodovina nakupov uporabnika v spletni trgovini.\u00a0<\/p><p><strong>2.3 Tr\u017eenjska komunikacija<\/strong><\/p><p>Ponudnik zbira soglasja posameznikov za namen prilagojene tr\u017eenjske komunikacije v zvezi s popusti, ponudbami, novostmi, dogodki in drugih vsebin prek razli\u010dnih kanalov komunikacije (npr. e-mail, SMS (vklju\u010dujo\u010d Viber, Whatsapp), socialnih omre\u017eji, obvestil preko brskalnika, informacij na spletnem mestu). Osebni podatki za ta namen se obdelujejo do preklica soglasja, hranijo pa najve\u010d eno leto po preklicu soglasja, v kolikor ne obstaja druga pravna podlaga za obdelavo.<\/p><p>Za ta namen se obdelujejo naslednji osebni podatki: ime in priimek, naslov, telefonska \u0161tevilka, elektronska po\u0161ta.<\/p><p>Posameznik lahko kadarkoli, s podajo pisne zahteve preko elektronske po\u0161te ask@nommos.me, ponudniku sporo\u010di preklic soglasja za obdelavo zgoraj navedenih osebnih podatkov za namene tr\u017eenjske komunikacije.<\/p><p><strong>2.4 Statisti\u010dna obdelava podatkov za namene internih analiz in strategij<\/strong><\/p><p>Ponudnik na podlagi zakonitega interesa uporablja podatke preteklih nakupov za namene internih analiz in priprave strategij. Ve\u010dina analiz je opravljena na podlagi anonimnih in pseudomoziranih podatkih. V kolikor uporabnik tak\u0161ne obdelave ne \u017eeli, lahko kadarkoli zahteva izbris svojih osebnih podatkov. Podatki se za namene statisti\u010dne obdelave in analiz hranijo toliko \u010dasa, dokler se osebni podatki hranijo zaradi namena, zaradi katerega so bili zbrani.<\/p><p><strong>3. PRAVICE POSAMEZNIKOV GLEDE OBDELAVE OSEBNIH PODATKOV<\/strong><\/p><p>Posameznik ima pravice glede obdelave osebnih podatkov, dolo\u010dene z veljavno zakonodajo, in sicer:<\/p><ul><li aria-level=\"1\">Pravica do pozabe &#8211; v kolikor posameznik ne \u017eeli ve\u010d, da se njegovi osebni podatki, ki jih hrani in obdeluje ponudnik (obdelovalec) obdelujejo in ob pogoju, da ni zakonitih razlogov za njihovo nadaljnjo hrambo, lahko od obdelovalca kadarkoli zahteva, da se njegovi podatki zbri\u0161ejo.<\/li><li aria-level=\"1\">Pravica do dostopa do osebnih podatkov \u2013 posameznik lahko pri ponudniku preveri ali obdeluje kak\u0161ne njegove osebne podatke in pridobi informacijo o tem, katere osebne podatke ponudnik obdeluje ter za kak\u0161en namen.<\/li><li aria-level=\"1\">Pravica do popravka \u2013 posameznik ima pravico zahtevati popravek nepopolnih ali neto\u010dnih osebnih podatkov.<\/li><li aria-level=\"1\">Pravica do omejitve obdelave osebnih podatkov.\u00a0<\/li><li aria-level=\"1\">Pravica do prenosljivosti &#8211; posameznik lahko ob obdelovalca (ponudnika) zahteva prenos njegovih osebnih podatkov v strukturirani elektronski obliki k drugemu upravljalcu, v kolikor je to mogo\u010de in izvedljivo.<\/li><li aria-level=\"1\">Pravica do ugovora \u2013 posameznik lahko poda ugovor za nadaljnjo obdelavo njegovih osebnih podatkov.<\/li><li aria-level=\"1\">Pravica do umika soglasja \u2013 posameznik ima pravico do umika soglasja za nadaljnjo obdelavo osebnih podatkov, posebej v primeru neposrednega tr\u017eenja<\/li><\/ul><p>V kolikor \u017eeli posameznik uresni\u010diti katero izmed zgoraj na\u0161tetih pravic, lahko to ponudniku sporo\u010di preko elektronske po\u0161te ask@nommos.me. Za potrebe identifikacije pri uveljavljanju pravic, si ponudnik pridr\u017euje pravico, da od posameznika zahteva dodatne podatke, hkrati pa lahko zavrne ukrepanje v primeru, da posameznika ne more zanesljivo identificirati. Skladno z veljavno zakonodajo, po ponudnik posamezniku odgovoril \u010dimprej, najkasneje pa v enem mesecu od prejete zahteve.<\/p><p>Nadzorni organ za pristojen za podro\u010dje varstva osebnih podatkov v Sloveniji je Informacijski Poobla\u0161\u010denec Republike Slovenije (\u00bbIP RS\u00ab). Kadarkoli lahko prek komunikacijskih kanalov, kateri so objavljeni na njihovi spletni strani https:\/\/www.ip-rs.si oddate prito\u017ebo glede obdelave va\u0161ih osebnih podatkov.<\/p>\t\t\t\t\t<\/div>\n\t\t\t\t\t\t<\/div>\n\t\t\t\t<\/div>\n\t\t\t\t\t\t<\/div>\n\t\t\t\t\t<\/div>\n\t\t<\/div>\n\t\t\t\t\t\t\t\t<\/div>\n\t\t\t\t\t<\/div>\n\t\t<\/section>\n\t\t\t\t\t\t\t\t\t<\/div>\n\t\t\t<\/div>\n\t\t\t\t\t<\/div>\n\t\t","protected":false},"excerpt":{"rendered":"<p>Politika zasebnosti 1. SPLO\u0160NO Ponudnik Sebastjan \u0160oba s. p., Videm 18L, 1262 Dol pri Ljubljani Slovenija se zavezuje, da bo varoval zaupnost osebnih podatkov in zasebnost uporabnikov spletne trgovine Nommos. Zbrane osebne podatke bo ponudnik uporabljal izklju\u010dno za opravljanje storitev, ki jih ponuja. Ponudnik spo\u0161tuje zaupnost osebnih podatkov in zasebnost uporabnikov spletne trgovine ter uporabnikom &hellip;<\/p>\n<p class=\"read-more\"> <a class=\"\" href=\"https:\/\/nommos.me\/sl\/politika-zasebnosti\/\"> <span class=\"screen-reader-text\">Politika zasebnosti<\/span> Read More &raquo;<\/a><\/p>\n","protected":false},"author":2,"featured_media":0,"parent":0,"menu_order":0,"comment_status":"closed","ping_status":"closed","template":"elementor_header_footer","meta":{"site-sidebar-layout":"no-sidebar","site-content-layout":"page-builder","ast-global-header-display":"","ast-main-header-display":"","ast-hfb-above-header-display":"","ast-hfb-below-header-display":"","ast-hfb-mobile-header-display":"","site-post-title":"disabled","ast-breadcrumbs-content":"","ast-featured-img":"disabled","footer-sml-layout":"","theme-transparent-header-meta":"default","adv-header-id-meta":"","stick-header-meta":"","header-above-stick-meta":"","header-main-stick-meta":"","header-below-stick-meta":"","footnotes":""},"class_list":["post-2322","page","type-page","status-publish","hentry"],"acf":[],"yoast_head":"<!-- This site is optimized with the Yoast SEO plugin v25.4 - https:\/\/yoast.com\/wordpress\/plugins\/seo\/ -->\n<title>Politika zasebnosti - Nommos<\/title>\n<meta name=\"robots\" content=\"index, follow, max-snippet:-1, max-image-preview:large, max-video-preview:-1\" \/>\n<link rel=\"canonical\" href=\"https:\/\/nommos.me\/sl\/politika-zasebnosti\/\" \/>\n<meta property=\"og:locale\" content=\"sl_SI\" \/>\n<meta property=\"og:type\" content=\"article\" \/>\n<meta property=\"og:title\" content=\"Politika zasebnosti - Nommos\" \/>\n<meta property=\"og:description\" content=\"Politika zasebnosti 1. SPLO\u0160NO Ponudnik Sebastjan \u0160oba s. p., Videm 18L, 1262 Dol pri Ljubljani Slovenija se zavezuje, da bo varoval zaupnost osebnih podatkov in zasebnost uporabnikov spletne trgovine Nommos. Zbrane osebne podatke bo ponudnik uporabljal izklju\u010dno za opravljanje storitev, ki jih ponuja. Ponudnik spo\u0161tuje zaupnost osebnih podatkov in zasebnost uporabnikov spletne trgovine ter uporabnikom &hellip; Politika zasebnosti Read More &raquo;\" \/>\n<meta property=\"og:url\" content=\"https:\/\/nommos.me\/sl\/politika-zasebnosti\/\" \/>\n<meta property=\"og:site_name\" content=\"Nommos\" \/>\n<meta property=\"article:modified_time\" content=\"2022-11-07T09:37:26+00:00\" \/>\n<meta name=\"twitter:card\" content=\"summary_large_image\" \/>\n<meta name=\"twitter:label1\" content=\"Est. reading time\" \/>\n\t<meta name=\"twitter:data1\" content=\"6 minut\" \/>\n<script type=\"application\/ld+json\" class=\"yoast-schema-graph\">{\"@context\":\"https:\/\/schema.org\",\"@graph\":[{\"@type\":\"WebPage\",\"@id\":\"https:\/\/nommos.me\/sl\/politika-zasebnosti\/\",\"url\":\"https:\/\/nommos.me\/sl\/politika-zasebnosti\/\",\"name\":\"Politika zasebnosti - Nommos\",\"isPartOf\":{\"@id\":\"https:\/\/nommos.me\/#website\"},\"datePublished\":\"2022-06-12T14:17:55+00:00\",\"dateModified\":\"2022-11-07T09:37:26+00:00\",\"breadcrumb\":{\"@id\":\"https:\/\/nommos.me\/sl\/politika-zasebnosti\/#breadcrumb\"},\"inLanguage\":\"sl-SI\",\"potentialAction\":[{\"@type\":\"ReadAction\",\"target\":[\"https:\/\/nommos.me\/sl\/politika-zasebnosti\/\"]}]},{\"@type\":\"BreadcrumbList\",\"@id\":\"https:\/\/nommos.me\/sl\/politika-zasebnosti\/#breadcrumb\",\"itemListElement\":[{\"@type\":\"ListItem\",\"position\":1,\"name\":\"Home\",\"item\":\"https:\/\/nommos.me\/\"},{\"@type\":\"ListItem\",\"position\":2,\"name\":\"Politika zasebnosti\"}]},{\"@type\":\"WebSite\",\"@id\":\"https:\/\/nommos.me\/#website\",\"url\":\"https:\/\/nommos.me\/\",\"name\":\"Nommos\",\"description\":\"For Active Lifestyle\",\"publisher\":{\"@id\":\"https:\/\/nommos.me\/#organization\"},\"potentialAction\":[{\"@type\":\"SearchAction\",\"target\":{\"@type\":\"EntryPoint\",\"urlTemplate\":\"https:\/\/nommos.me\/?s={search_term_string}\"},\"query-input\":{\"@type\":\"PropertyValueSpecification\",\"valueRequired\":true,\"valueName\":\"search_term_string\"}}],\"inLanguage\":\"sl-SI\"},{\"@type\":\"Organization\",\"@id\":\"https:\/\/nommos.me\/#organization\",\"name\":\"Nommos\",\"url\":\"https:\/\/nommos.me\/\",\"logo\":{\"@type\":\"ImageObject\",\"inLanguage\":\"sl-SI\",\"@id\":\"https:\/\/nommos.me\/#\/schema\/logo\/image\/\",\"url\":\"http:\/\/nommos.me\/wp-content\/uploads\/2022\/02\/nommos_Logo_outline_sign.jpg\",\"contentUrl\":\"http:\/\/nommos.me\/wp-content\/uploads\/2022\/02\/nommos_Logo_outline_sign.jpg\",\"width\":700,\"height\":822,\"caption\":\"Nommos\"},\"image\":{\"@id\":\"https:\/\/nommos.me\/#\/schema\/logo\/image\/\"}}]}<\/script>\n<!-- \/ Yoast SEO plugin. -->","yoast_head_json":{"title":"Politika zasebnosti - Nommos","robots":{"index":"index","follow":"follow","max-snippet":"max-snippet:-1","max-image-preview":"max-image-preview:large","max-video-preview":"max-video-preview:-1"},"canonical":"https:\/\/nommos.me\/sl\/politika-zasebnosti\/","og_locale":"sl_SI","og_type":"article","og_title":"Politika zasebnosti - Nommos","og_description":"Politika zasebnosti 1. SPLO\u0160NO Ponudnik Sebastjan \u0160oba s. p., Videm 18L, 1262 Dol pri Ljubljani Slovenija se zavezuje, da bo varoval zaupnost osebnih podatkov in zasebnost uporabnikov spletne trgovine Nommos. Zbrane osebne podatke bo ponudnik uporabljal izklju\u010dno za opravljanje storitev, ki jih ponuja. Ponudnik spo\u0161tuje zaupnost osebnih podatkov in zasebnost uporabnikov spletne trgovine ter uporabnikom &hellip; Politika zasebnosti Read More &raquo;","og_url":"https:\/\/nommos.me\/sl\/politika-zasebnosti\/","og_site_name":"Nommos","article_modified_time":"2022-11-07T09:37:26+00:00","twitter_card":"summary_large_image","twitter_misc":{"Est. reading time":"6 minut"},"schema":{"@context":"https:\/\/schema.org","@graph":[{"@type":"WebPage","@id":"https:\/\/nommos.me\/sl\/politika-zasebnosti\/","url":"https:\/\/nommos.me\/sl\/politika-zasebnosti\/","name":"Politika zasebnosti - Nommos","isPartOf":{"@id":"https:\/\/nommos.me\/#website"},"datePublished":"2022-06-12T14:17:55+00:00","dateModified":"2022-11-07T09:37:26+00:00","breadcrumb":{"@id":"https:\/\/nommos.me\/sl\/politika-zasebnosti\/#breadcrumb"},"inLanguage":"sl-SI","potentialAction":[{"@type":"ReadAction","target":["https:\/\/nommos.me\/sl\/politika-zasebnosti\/"]}]},{"@type":"BreadcrumbList","@id":"https:\/\/nommos.me\/sl\/politika-zasebnosti\/#breadcrumb","itemListElement":[{"@type":"ListItem","position":1,"name":"Home","item":"https:\/\/nommos.me\/"},{"@type":"ListItem","position":2,"name":"Politika zasebnosti"}]},{"@type":"WebSite","@id":"https:\/\/nommos.me\/#website","url":"https:\/\/nommos.me\/","name":"Nommos","description":"For Active Lifestyle","publisher":{"@id":"https:\/\/nommos.me\/#organization"},"potentialAction":[{"@type":"SearchAction","target":{"@type":"EntryPoint","urlTemplate":"https:\/\/nommos.me\/?s={search_term_string}"},"query-input":{"@type":"PropertyValueSpecification","valueRequired":true,"valueName":"search_term_string"}}],"inLanguage":"sl-SI"},{"@type":"Organization","@id":"https:\/\/nommos.me\/#organization","name":"Nommos","url":"https:\/\/nommos.me\/","logo":{"@type":"ImageObject","inLanguage":"sl-SI","@id":"https:\/\/nommos.me\/#\/schema\/logo\/image\/","url":"http:\/\/nommos.me\/wp-content\/uploads\/2022\/02\/nommos_Logo_outline_sign.jpg","contentUrl":"http:\/\/nommos.me\/wp-content\/uploads\/2022\/02\/nommos_Logo_outline_sign.jpg","width":700,"height":822,"caption":"Nommos"},"image":{"@id":"https:\/\/nommos.me\/#\/schema\/logo\/image\/"}}]}},"_links":{"self":[{"href":"https:\/\/nommos.me\/sl\/wp-json\/wp\/v2\/pages\/2322","targetHints":{"allow":["GET"]}}],"collection":[{"href":"https:\/\/nommos.me\/sl\/wp-json\/wp\/v2\/pages"}],"about":[{"href":"https:\/\/nommos.me\/sl\/wp-json\/wp\/v2\/types\/page"}],"author":[{"embeddable":true,"href":"https:\/\/nommos.me\/sl\/wp-json\/wp\/v2\/users\/2"}],"replies":[{"embeddable":true,"href":"https:\/\/nommos.me\/sl\/wp-json\/wp\/v2\/comments?post=2322"}],"version-history":[{"count":4,"href":"https:\/\/nommos.me\/sl\/wp-json\/wp\/v2\/pages\/2322\/revisions"}],"predecessor-version":[{"id":2326,"href":"https:\/\/nommos.me\/sl\/wp-json\/wp\/v2\/pages\/2322\/revisions\/2326"}],"wp:attachment":[{"href":"https:\/\/nommos.me\/sl\/wp-json\/wp\/v2\/media?parent=2322"}],"curies":[{"name":"wp","href":"https:\/\/api.w.org\/{rel}","templated":true}]}}