{"id":2182,"date":"2022-03-28T15:45:55","date_gmt":"2022-03-28T13:45:55","guid":{"rendered":"https:\/\/nommos.me\/about\/"},"modified":"2022-11-21T22:29:44","modified_gmt":"2022-11-21T20:29:44","slug":"o-nas","status":"publish","type":"page","link":"https:\/\/nommos.me\/sl\/o-nas\/","title":{"rendered":"O nas"},"content":{"rendered":"\t\t<div data-elementor-type=\"wp-page\" data-elementor-id=\"2182\" data-post-id=\"2182\" data-obj-id=\"2182\" class=\"elementor elementor-2182 dce-elementor-post-2182 elementor-355\">\n\t\t\t\t\t\t<div class=\"elementor-inner\">\n\t\t\t\t<div class=\"elementor-section-wrap\">\n\t\t\t\t\t\t\t\t\t<section class=\"has_eae_slider elementor-section elementor-top-section elementor-element elementor-element-d8b1c3d elementor-reverse-mobile elementor-section-boxed elementor-section-height-default elementor-section-height-default tf-sticky-section tf-sticky-no\" data-id=\"d8b1c3d\" data-element_type=\"section\" data-settings=\"{&quot;tf_sticky&quot;:&quot;no&quot;}\">\n\t\t\t\t\t\t<div class=\"elementor-container elementor-column-gap-default\">\n\t\t\t\t\t\t\t<div class=\"elementor-row\">\n\t\t\t\t\t<div class=\"has_eae_slider elementor-column elementor-col-50 elementor-top-column elementor-element elementor-element-58c5a4d6\" data-id=\"58c5a4d6\" data-element_type=\"column\" data-settings=\"{&quot;background_background&quot;:&quot;classic&quot;}\">\n\t\t\t<div class=\"elementor-column-wrap elementor-element-populated\">\n\t\t\t\t\t\t\t<div class=\"elementor-widget-wrap\">\n\t\t\t\t\t\t<div class=\"elementor-element elementor-element-43fe3645 dce_masking-none elementor-widget elementor-widget-image\" data-id=\"43fe3645\" data-element_type=\"widget\" data-widget_type=\"image.default\">\n\t\t\t\t<div class=\"elementor-widget-container\">\n\t\t\t\t\t\t\t\t<div class=\"elementor-image\">\n\t\t\t\t\t\t\t\t\t\t\t\t<img loading=\"lazy\" decoding=\"async\" width=\"1024\" height=\"1536\" src=\"https:\/\/nommos.me\/wp-content\/uploads\/2022\/03\/Nommos20-03-82.jpg\" class=\"attachment-full size-full\" alt=\"\" srcset=\"https:\/\/nommos.me\/wp-content\/uploads\/2022\/03\/Nommos20-03-82.jpg 1024w, https:\/\/nommos.me\/wp-content\/uploads\/2022\/03\/Nommos20-03-82-200x300.jpg 200w, https:\/\/nommos.me\/wp-content\/uploads\/2022\/03\/Nommos20-03-82-683x1024.jpg 683w, https:\/\/nommos.me\/wp-content\/uploads\/2022\/03\/Nommos20-03-82-768x1152.jpg 768w, https:\/\/nommos.me\/wp-content\/uploads\/2022\/03\/Nommos20-03-82-600x900.jpg 600w\" sizes=\"auto, (max-width: 1024px) 100vw, 1024px\" \/>\t\t\t\t\t\t\t\t\t\t\t\t\t\t<\/div>\n\t\t\t\t\t\t<\/div>\n\t\t\t\t<\/div>\n\t\t\t\t<section class=\"has_eae_slider elementor-section elementor-inner-section elementor-element elementor-element-5823485a elementor-section-boxed elementor-section-height-default elementor-section-height-default tf-sticky-section tf-sticky-no\" data-id=\"5823485a\" data-element_type=\"section\" data-settings=\"{&quot;tf_sticky&quot;:&quot;no&quot;}\">\n\t\t\t\t\t\t<div class=\"elementor-container elementor-column-gap-default\">\n\t\t\t\t\t\t\t<div class=\"elementor-row\">\n\t\t\t\t\t<div class=\"has_eae_slider elementor-column elementor-col-50 elementor-inner-column elementor-element elementor-element-6fc20c04 elementor-hidden-tablet elementor-hidden-mobile\" data-id=\"6fc20c04\" data-element_type=\"column\">\n\t\t\t<div class=\"elementor-column-wrap\">\n\t\t\t\t\t\t\t<div class=\"elementor-widget-wrap\">\n\t\t\t\t\t\t\t\t<\/div>\n\t\t\t\t\t<\/div>\n\t\t<\/div>\n\t\t\t\t<div class=\"has_eae_slider elementor-column elementor-col-50 elementor-inner-column elementor-element elementor-element-6f887ea8\" data-dce-background-color=\"#FFFFFF\" data-dce-background-overlay-image-url=\"http:\/\/nommos.me\/wp-content\/uploads\/2022\/02\/wave_nommos.svg\" data-id=\"6f887ea8\" data-element_type=\"column\" data-settings=\"{&quot;background_background&quot;:&quot;classic&quot;}\">\n\t\t\t<div class=\"elementor-column-wrap elementor-element-populated\">\n\t\t\t\t\t<div class=\"elementor-background-overlay\"><\/div>\n\t\t\t\t\t\t\t<div class=\"elementor-widget-wrap\">\n\t\t\t\t\t\t<div class=\"elementor-element elementor-element-b694254 elementor-position-left dce_masking-none elementor-vertical-align-top elementor-widget elementor-widget-image-box\" data-id=\"b694254\" data-element_type=\"widget\" data-widget_type=\"image-box.default\">\n\t\t\t\t<div class=\"elementor-widget-container\">\n\t\t\t<div class=\"elementor-image-box-wrapper\"><div class=\"elementor-image-box-content\"><h3 class=\"elementor-image-box-title\">Sa\u0161a & Sebastian<\/h3><p class=\"elementor-image-box-description\">USTANOVITELJA<\/p><\/div><\/div>\t\t<\/div>\n\t\t\t\t<\/div>\n\t\t\t\t<div class=\"elementor-element elementor-element-3266b78b elementor-widget elementor-widget-text-editor\" data-id=\"3266b78b\" data-element_type=\"widget\" data-widget_type=\"text-editor.default\">\n\t\t\t\t<div class=\"elementor-widget-container\">\n\t\t\t\t\t\t\t\t<div class=\"elementor-text-editor elementor-clearfix\">\n\t\t\t\t<p><span style=\"font-weight: 400;\">Z veseljem do outdoor \u017eivljenskega stila in s skrbjo za okolje sva ustanovila Nommos.<\/span><\/p>\t\t\t\t\t<\/div>\n\t\t\t\t\t\t<\/div>\n\t\t\t\t<\/div>\n\t\t\t\t\t\t<\/div>\n\t\t\t\t\t<\/div>\n\t\t<\/div>\n\t\t\t\t\t\t\t\t<\/div>\n\t\t\t\t\t<\/div>\n\t\t<\/section>\n\t\t\t\t\t\t<\/div>\n\t\t\t\t\t<\/div>\n\t\t<\/div>\n\t\t\t\t<div class=\"has_eae_slider elementor-column elementor-col-50 elementor-top-column elementor-element elementor-element-6867a57e\" data-id=\"6867a57e\" data-element_type=\"column\">\n\t\t\t<div class=\"elementor-column-wrap elementor-element-populated\">\n\t\t\t\t\t\t\t<div class=\"elementor-widget-wrap\">\n\t\t\t\t\t\t<section class=\"has_eae_slider elementor-section elementor-inner-section elementor-element elementor-element-7985e4b0 elementor-section-boxed elementor-section-height-default elementor-section-height-default tf-sticky-section tf-sticky-no\" data-id=\"7985e4b0\" data-element_type=\"section\" data-settings=\"{&quot;tf_sticky&quot;:&quot;no&quot;}\">\n\t\t\t\t\t\t<div class=\"elementor-container elementor-column-gap-default\">\n\t\t\t\t\t\t\t<div class=\"elementor-row\">\n\t\t\t\t\t<div class=\"has_eae_slider elementor-column elementor-col-100 elementor-inner-column elementor-element elementor-element-34713072\" data-id=\"34713072\" data-element_type=\"column\">\n\t\t\t<div class=\"elementor-column-wrap elementor-element-populated\">\n\t\t\t\t\t\t\t<div class=\"elementor-widget-wrap\">\n\t\t\t\t\t\t<div class=\"elementor-element elementor-element-579a0dc3 elementor-widget elementor-widget-heading\" data-id=\"579a0dc3\" data-element_type=\"widget\" data-widget_type=\"heading.default\">\n\t\t\t\t<div class=\"elementor-widget-container\">\n\t\t\t<h2 class=\"elementor-heading-title elementor-size-default\">Brisa\u010de s karakterjem<\/h2>\t\t<\/div>\n\t\t\t\t<\/div>\n\t\t\t\t<div class=\"elementor-element elementor-element-3f9154c3 elementor-widget elementor-widget-text-editor\" data-id=\"3f9154c3\" data-element_type=\"widget\" data-widget_type=\"text-editor.default\">\n\t\t\t\t<div class=\"elementor-widget-container\">\n\t\t\t\t\t\t\t\t<div class=\"elementor-text-editor elementor-clearfix\">\n\t\t\t\t<p>Brisa\u010de so izdelek, ki je povezan s poletjem, vodo, potovanji, pla\u017eo, vodnimi \u0161porti in pre\u017eivljanjem prostega \u010dasa zunaj v naravi. Za naju potovalne brisa\u010de simbolizirajo aktiven na\u010din \u017eivljenja (surfanje, kajtanje, kampiranje, supanje, deskanje na vodi, itd.) s precej dinamike in nekaj nepredvidljivosti. Brisa\u010da je del obvezne opreme za vse, ki jim je tak na\u010din \u017eivljenja blizu.\u00a0<\/p><p>Zato je za naju vpra\u0161anje: \u00bbAli si vzel\/a brisa\u010do?\u00ab, pogosto aktualno.\u00a0<\/p><p>Po ve\u010d kot desetih letih intenzivnih potovanj in izku\u0161enj z razli\u010dnimi potovalnimi brisa\u010dami, sva se odlo\u010dila, da bova oblikovala svoje. Tak\u0161ne, ki ustrezajo ve\u010dini potreb uporabnikov in hkrati z \u017eivahnimi dizajni odsevajo karakter, energijo in svobodo aktivnih ljudi ter sorodnih popotni\u0161kih du\u0161.<\/p>\t\t\t\t\t<\/div>\n\t\t\t\t\t\t<\/div>\n\t\t\t\t<\/div>\n\t\t\t\t\t\t<\/div>\n\t\t\t\t\t<\/div>\n\t\t<\/div>\n\t\t\t\t\t\t\t\t<\/div>\n\t\t\t\t\t<\/div>\n\t\t<\/section>\n\t\t\t\t\t\t<\/div>\n\t\t\t\t\t<\/div>\n\t\t<\/div>\n\t\t\t\t\t\t\t\t<\/div>\n\t\t\t\t\t<\/div>\n\t\t<\/section>\n\t\t\t\t<section class=\"has_eae_slider elementor-section elementor-top-section elementor-element elementor-element-75b88c7 elementor-section-boxed elementor-section-height-default elementor-section-height-default tf-sticky-section tf-sticky-no\" data-id=\"75b88c7\" data-element_type=\"section\" data-settings=\"{&quot;tf_sticky&quot;:&quot;no&quot;}\">\n\t\t\t\t\t\t<div class=\"elementor-container elementor-column-gap-default\">\n\t\t\t\t\t\t\t<div class=\"elementor-row\">\n\t\t\t\t\t<div class=\"has_eae_slider elementor-column elementor-col-50 elementor-top-column elementor-element elementor-element-b3599f1\" data-id=\"b3599f1\" data-element_type=\"column\">\n\t\t\t<div class=\"elementor-column-wrap elementor-element-populated\">\n\t\t\t\t\t\t\t<div class=\"elementor-widget-wrap\">\n\t\t\t\t\t\t<div class=\"elementor-element elementor-element-d466acd elementor-widget elementor-widget-heading\" data-id=\"d466acd\" data-element_type=\"widget\" data-widget_type=\"heading.default\">\n\t\t\t\t<div class=\"elementor-widget-container\">\n\t\t\t<h2 class=\"elementor-heading-title elementor-size-default\">Hkrati pa si \u017eeliva narediti tudi nekaj dobrega za na\u0161 ljubi planet, ki ga vedno bolj uni\u010dujemo. Zato bodo izdelki pod blagovno znamko Nommos proizvedeni z uporabo reciklirane plastike in drugih okolju prijaznih materialov.<\/h2>\t\t<\/div>\n\t\t\t\t<\/div>\n\t\t\t\t<div class=\"elementor-element elementor-element-89cb78d elementor-widget elementor-widget-heading\" data-id=\"89cb78d\" data-element_type=\"widget\" data-widget_type=\"heading.default\">\n\t\t\t\t<div class=\"elementor-widget-container\">\n\t\t\t<span class=\"elementor-heading-title elementor-size-default\">#NommosMe<\/span>\t\t<\/div>\n\t\t\t\t<\/div>\n\t\t\t\t\t\t<\/div>\n\t\t\t\t\t<\/div>\n\t\t<\/div>\n\t\t\t\t<div class=\"has_eae_slider elementor-column elementor-col-50 elementor-top-column elementor-element elementor-element-46d1532\" data-id=\"46d1532\" data-element_type=\"column\">\n\t\t\t<div class=\"elementor-column-wrap elementor-element-populated\">\n\t\t\t\t\t\t\t<div class=\"elementor-widget-wrap\">\n\t\t\t\t\t\t<section class=\"has_eae_slider elementor-section elementor-inner-section elementor-element elementor-element-2d23848 elementor-section-boxed elementor-section-height-default elementor-section-height-default tf-sticky-section tf-sticky-no\" data-id=\"2d23848\" data-element_type=\"section\" data-settings=\"{&quot;tf_sticky&quot;:&quot;no&quot;}\">\n\t\t\t\t\t\t<div class=\"elementor-container elementor-column-gap-no\">\n\t\t\t\t\t\t\t<div class=\"elementor-row\">\n\t\t\t\t\t<div class=\"has_eae_slider elementor-column elementor-col-50 elementor-inner-column elementor-element elementor-element-cd76561\" data-id=\"cd76561\" data-element_type=\"column\">\n\t\t\t<div class=\"elementor-column-wrap elementor-element-populated\">\n\t\t\t\t\t\t\t<div class=\"elementor-widget-wrap\">\n\t\t\t\t\t\t<div class=\"elementor-element elementor-element-5f89944 dce_masking-none elementor-widget elementor-widget-image\" data-id=\"5f89944\" data-element_type=\"widget\" data-widget_type=\"image.default\">\n\t\t\t\t<div class=\"elementor-widget-container\">\n\t\t\t\t\t\t\t\t<div class=\"elementor-image\">\n\t\t\t\t\t\t\t\t\t\t\t\t<img loading=\"lazy\" decoding=\"async\" width=\"683\" height=\"1024\" src=\"https:\/\/nommos.me\/wp-content\/uploads\/2022\/07\/Nommos20-03-87-2-2-683x1024.png\" class=\"attachment-large size-large\" alt=\"\" srcset=\"https:\/\/nommos.me\/wp-content\/uploads\/2022\/07\/Nommos20-03-87-2-2-683x1024.png 683w, https:\/\/nommos.me\/wp-content\/uploads\/2022\/07\/Nommos20-03-87-2-2-200x300.png 200w, https:\/\/nommos.me\/wp-content\/uploads\/2022\/07\/Nommos20-03-87-2-2-768x1152.png 768w, https:\/\/nommos.me\/wp-content\/uploads\/2022\/07\/Nommos20-03-87-2-2-600x900.png 600w, https:\/\/nommos.me\/wp-content\/uploads\/2022\/07\/Nommos20-03-87-2-2.png 1024w\" sizes=\"auto, (max-width: 683px) 100vw, 683px\" \/>\t\t\t\t\t\t\t\t\t\t\t\t\t\t<\/div>\n\t\t\t\t\t\t<\/div>\n\t\t\t\t<\/div>\n\t\t\t\t\t\t<\/div>\n\t\t\t\t\t<\/div>\n\t\t<\/div>\n\t\t\t\t<div class=\"has_eae_slider elementor-column elementor-col-50 elementor-inner-column elementor-element elementor-element-223ad09\" data-id=\"223ad09\" data-element_type=\"column\">\n\t\t\t<div class=\"elementor-column-wrap elementor-element-populated\">\n\t\t\t\t\t\t\t<div class=\"elementor-widget-wrap\">\n\t\t\t\t\t\t<div class=\"elementor-element elementor-element-0659b87 dce_masking-none elementor-widget elementor-widget-image\" data-id=\"0659b87\" data-element_type=\"widget\" data-widget_type=\"image.default\">\n\t\t\t\t<div class=\"elementor-widget-container\">\n\t\t\t\t\t\t\t\t<div class=\"elementor-image\">\n\t\t\t\t\t\t\t\t\t\t\t\t<img loading=\"lazy\" decoding=\"async\" width=\"683\" height=\"1024\" src=\"https:\/\/nommos.me\/wp-content\/uploads\/2022\/06\/IMG_5045-683x1024.jpg\" class=\"attachment-large size-large\" alt=\"\" srcset=\"https:\/\/nommos.me\/wp-content\/uploads\/2022\/06\/IMG_5045-683x1024.jpg 683w, https:\/\/nommos.me\/wp-content\/uploads\/2022\/06\/IMG_5045-200x300.jpg 200w, https:\/\/nommos.me\/wp-content\/uploads\/2022\/06\/IMG_5045-768x1152.jpg 768w, https:\/\/nommos.me\/wp-content\/uploads\/2022\/06\/IMG_5045-600x900.jpg 600w, https:\/\/nommos.me\/wp-content\/uploads\/2022\/06\/IMG_5045.jpg 1024w\" sizes=\"auto, (max-width: 683px) 100vw, 683px\" \/>\t\t\t\t\t\t\t\t\t\t\t\t\t\t<\/div>\n\t\t\t\t\t\t<\/div>\n\t\t\t\t<\/div>\n\t\t\t\t\t\t<\/div>\n\t\t\t\t\t<\/div>\n\t\t<\/div>\n\t\t\t\t\t\t\t\t<\/div>\n\t\t\t\t\t<\/div>\n\t\t<\/section>\n\t\t\t\t\t\t<\/div>\n\t\t\t\t\t<\/div>\n\t\t<\/div>\n\t\t\t\t\t\t\t\t<\/div>\n\t\t\t\t\t<\/div>\n\t\t<\/section>\n\t\t\t\t<section class=\"has_eae_slider elementor-section elementor-top-section elementor-element elementor-element-a81ae6d elementor-section-boxed elementor-section-height-default elementor-section-height-default tf-sticky-section tf-sticky-no\" data-dce-background-overlay-image-url=\"http:\/\/nommos.me\/wp-content\/uploads\/2022\/06\/marcreation-WE7qvb0nqEA-unsplash.jpeg\" data-id=\"a81ae6d\" data-element_type=\"section\" data-settings=\"{&quot;background_background&quot;:&quot;classic&quot;,&quot;tf_sticky&quot;:&quot;no&quot;}\">\n\t\t\t\t\t\t\t<div class=\"elementor-background-overlay\"><\/div>\n\t\t\t\t\t\t\t<div class=\"elementor-container elementor-column-gap-no\">\n\t\t\t\t\t\t\t<div class=\"elementor-row\">\n\t\t\t\t\t<div class=\"has_eae_slider elementor-column elementor-col-50 elementor-top-column elementor-element elementor-element-2f6a642 elementor-hidden-mobile\" data-id=\"2f6a642\" data-element_type=\"column\">\n\t\t\t<div class=\"elementor-column-wrap\">\n\t\t\t\t\t\t\t<div class=\"elementor-widget-wrap\">\n\t\t\t\t\t\t\t\t<\/div>\n\t\t\t\t\t<\/div>\n\t\t<\/div>\n\t\t\t\t<div class=\"has_eae_slider elementor-column elementor-col-50 elementor-top-column elementor-element elementor-element-8f3bbf8\" data-id=\"8f3bbf8\" data-element_type=\"column\">\n\t\t\t<div class=\"elementor-column-wrap elementor-element-populated\">\n\t\t\t\t\t\t\t<div class=\"elementor-widget-wrap\">\n\t\t\t\t\t\t<div class=\"elementor-element elementor-element-c92381e elementor-widget elementor-widget-heading\" data-id=\"c92381e\" data-element_type=\"widget\" data-widget_type=\"heading.default\">\n\t\t\t\t<div class=\"elementor-widget-container\">\n\t\t\t<h2 class=\"elementor-heading-title elementor-size-default\">Zgodba o imenu<\/h2>\t\t<\/div>\n\t\t\t\t<\/div>\n\t\t\t\t<div class=\"elementor-element elementor-element-ceee546 elementor-widget elementor-widget-text-editor\" data-id=\"ceee546\" data-element_type=\"widget\" data-widget_type=\"text-editor.default\">\n\t\t\t\t<div class=\"elementor-widget-container\">\n\t\t\t\t\t\t\t\t<div class=\"elementor-text-editor elementor-clearfix\">\n\t\t\t\t<p>Nommo(s) so po verovanju afri\u0161kega plemena Dogonov izvorna bitja in prvi predniki. Upodobljeni so kot amfibijska bitja, s trupom \u010dloveka in plavutjo ribe. Bivali so tako na kopnem kot v vodi.\u00a0<\/p><p>Vsi ljubitelji voda in vodnih \u0161portov imamo razdvojen zna\u010daj amfibijskih bitij, saj potrebujemo vez tako z vodo kot s kopnim. Iz tega konteksta sva \u010drpala navdih za ime blagovne znamke.<\/p><p>\u00a0<\/p>\t\t\t\t\t<\/div>\n\t\t\t\t\t\t<\/div>\n\t\t\t\t<\/div>\n\t\t\t\t\t\t<\/div>\n\t\t\t\t\t<\/div>\n\t\t<\/div>\n\t\t\t\t\t\t\t\t<\/div>\n\t\t\t\t\t<\/div>\n\t\t<\/section>\n\t\t\t\t\t\t\t\t\t<\/div>\n\t\t\t<\/div>\n\t\t\t\t\t<\/div>\n\t\t","protected":false},"excerpt":{"rendered":"<p>Sa\u0161a &#038; Sebastian USTANOVITELJA Z veseljem do outdoor \u017eivljenskega stila in s skrbjo za okolje sva ustanovila Nommos. Brisa\u010de s karakterjem Brisa\u010de so izdelek, ki je povezan s poletjem, vodo, potovanji, pla\u017eo, vodnimi \u0161porti in pre\u017eivljanjem prostega \u010dasa zunaj v naravi. Za naju potovalne brisa\u010de simbolizirajo aktiven na\u010din \u017eivljenja (surfanje, kajtanje, kampiranje, supanje, deskanje na &hellip;<\/p>\n<p class=\"read-more\"> <a class=\"\" href=\"https:\/\/nommos.me\/sl\/o-nas\/\"> <span class=\"screen-reader-text\">O nas<\/span> Read More &raquo;<\/a><\/p>\n","protected":false},"author":2,"featured_media":0,"parent":0,"menu_order":0,"comment_status":"closed","ping_status":"closed","template":"elementor_header_footer","meta":{"site-sidebar-layout":"no-sidebar","site-content-layout":"page-builder","ast-global-header-display":"","ast-main-header-display":"","ast-hfb-above-header-display":"","ast-hfb-below-header-display":"","ast-hfb-mobile-header-display":"","site-post-title":"disabled","ast-breadcrumbs-content":"","ast-featured-img":"disabled","footer-sml-layout":"","theme-transparent-header-meta":"","adv-header-id-meta":"","stick-header-meta":"","header-above-stick-meta":"","header-main-stick-meta":"","header-below-stick-meta":"","footnotes":""},"class_list":["post-2182","page","type-page","status-publish","hentry"],"acf":[],"yoast_head":"<!-- This site is optimized with the Yoast SEO plugin v25.4 - https:\/\/yoast.com\/wordpress\/plugins\/seo\/ -->\n<title>O nas - Nommos<\/title>\n<meta name=\"robots\" content=\"index, follow, max-snippet:-1, max-image-preview:large, max-video-preview:-1\" \/>\n<link rel=\"canonical\" href=\"https:\/\/nommos.me\/about\/\" \/>\n<meta property=\"og:locale\" content=\"sl_SI\" \/>\n<meta property=\"og:type\" content=\"article\" \/>\n<meta property=\"og:title\" content=\"O nas - Nommos\" \/>\n<meta property=\"og:description\" content=\"Sa\u0161a &#038; Sebastian USTANOVITELJA Z veseljem do outdoor \u017eivljenskega stila in s skrbjo za okolje sva ustanovila Nommos. Brisa\u010de s karakterjem Brisa\u010de so izdelek, ki je povezan s poletjem, vodo, potovanji, pla\u017eo, vodnimi \u0161porti in pre\u017eivljanjem prostega \u010dasa zunaj v naravi. Za naju potovalne brisa\u010de simbolizirajo aktiven na\u010din \u017eivljenja (surfanje, kajtanje, kampiranje, supanje, deskanje na &hellip; O nas Read More &raquo;\" \/>\n<meta property=\"og:url\" content=\"https:\/\/nommos.me\/about\/\" \/>\n<meta property=\"og:site_name\" content=\"Nommos\" \/>\n<meta property=\"article:modified_time\" content=\"2022-11-21T20:29:44+00:00\" \/>\n<meta property=\"og:image\" content=\"http:\/\/nommos.me\/wp-content\/uploads\/2022\/03\/Nommos20-03-82.jpg\" \/>\n<meta name=\"twitter:card\" content=\"summary_large_image\" \/>\n<meta name=\"twitter:label1\" content=\"Est. reading time\" \/>\n\t<meta name=\"twitter:data1\" content=\"2 minuti\" \/>\n<script type=\"application\/ld+json\" class=\"yoast-schema-graph\">{\"@context\":\"https:\/\/schema.org\",\"@graph\":[{\"@type\":\"WebPage\",\"@id\":\"https:\/\/nommos.me\/about\/\",\"url\":\"https:\/\/nommos.me\/about\/\",\"name\":\"O nas - Nommos\",\"isPartOf\":{\"@id\":\"https:\/\/nommos.me\/#website\"},\"primaryImageOfPage\":{\"@id\":\"https:\/\/nommos.me\/about\/#primaryimage\"},\"image\":{\"@id\":\"https:\/\/nommos.me\/about\/#primaryimage\"},\"thumbnailUrl\":\"http:\/\/nommos.me\/wp-content\/uploads\/2022\/03\/Nommos20-03-82.jpg\",\"datePublished\":\"2022-03-28T13:45:55+00:00\",\"dateModified\":\"2022-11-21T20:29:44+00:00\",\"breadcrumb\":{\"@id\":\"https:\/\/nommos.me\/about\/#breadcrumb\"},\"inLanguage\":\"sl-SI\",\"potentialAction\":[{\"@type\":\"ReadAction\",\"target\":[\"https:\/\/nommos.me\/about\/\"]}]},{\"@type\":\"ImageObject\",\"inLanguage\":\"sl-SI\",\"@id\":\"https:\/\/nommos.me\/about\/#primaryimage\",\"url\":\"http:\/\/nommos.me\/wp-content\/uploads\/2022\/03\/Nommos20-03-82.jpg\",\"contentUrl\":\"http:\/\/nommos.me\/wp-content\/uploads\/2022\/03\/Nommos20-03-82.jpg\"},{\"@type\":\"BreadcrumbList\",\"@id\":\"https:\/\/nommos.me\/about\/#breadcrumb\",\"itemListElement\":[{\"@type\":\"ListItem\",\"position\":1,\"name\":\"Home\",\"item\":\"https:\/\/nommos.me\/\"},{\"@type\":\"ListItem\",\"position\":2,\"name\":\"O nas\"}]},{\"@type\":\"WebSite\",\"@id\":\"https:\/\/nommos.me\/#website\",\"url\":\"https:\/\/nommos.me\/\",\"name\":\"Nommos\",\"description\":\"For Active Lifestyle\",\"publisher\":{\"@id\":\"https:\/\/nommos.me\/#organization\"},\"potentialAction\":[{\"@type\":\"SearchAction\",\"target\":{\"@type\":\"EntryPoint\",\"urlTemplate\":\"https:\/\/nommos.me\/?s={search_term_string}\"},\"query-input\":{\"@type\":\"PropertyValueSpecification\",\"valueRequired\":true,\"valueName\":\"search_term_string\"}}],\"inLanguage\":\"sl-SI\"},{\"@type\":\"Organization\",\"@id\":\"https:\/\/nommos.me\/#organization\",\"name\":\"Nommos\",\"url\":\"https:\/\/nommos.me\/\",\"logo\":{\"@type\":\"ImageObject\",\"inLanguage\":\"sl-SI\",\"@id\":\"https:\/\/nommos.me\/#\/schema\/logo\/image\/\",\"url\":\"http:\/\/nommos.me\/wp-content\/uploads\/2022\/02\/nommos_Logo_outline_sign.jpg\",\"contentUrl\":\"http:\/\/nommos.me\/wp-content\/uploads\/2022\/02\/nommos_Logo_outline_sign.jpg\",\"width\":700,\"height\":822,\"caption\":\"Nommos\"},\"image\":{\"@id\":\"https:\/\/nommos.me\/#\/schema\/logo\/image\/\"}}]}<\/script>\n<!-- \/ Yoast SEO plugin. -->","yoast_head_json":{"title":"O nas - Nommos","robots":{"index":"index","follow":"follow","max-snippet":"max-snippet:-1","max-image-preview":"max-image-preview:large","max-video-preview":"max-video-preview:-1"},"canonical":"https:\/\/nommos.me\/about\/","og_locale":"sl_SI","og_type":"article","og_title":"O nas - Nommos","og_description":"Sa\u0161a &#038; Sebastian USTANOVITELJA Z veseljem do outdoor \u017eivljenskega stila in s skrbjo za okolje sva ustanovila Nommos. Brisa\u010de s karakterjem Brisa\u010de so izdelek, ki je povezan s poletjem, vodo, potovanji, pla\u017eo, vodnimi \u0161porti in pre\u017eivljanjem prostega \u010dasa zunaj v naravi. Za naju potovalne brisa\u010de simbolizirajo aktiven na\u010din \u017eivljenja (surfanje, kajtanje, kampiranje, supanje, deskanje na &hellip; O nas Read More &raquo;","og_url":"https:\/\/nommos.me\/about\/","og_site_name":"Nommos","article_modified_time":"2022-11-21T20:29:44+00:00","og_image":[{"url":"http:\/\/nommos.me\/wp-content\/uploads\/2022\/03\/Nommos20-03-82.jpg","type":"","width":"","height":""}],"twitter_card":"summary_large_image","twitter_misc":{"Est. reading time":"2 minuti"},"schema":{"@context":"https:\/\/schema.org","@graph":[{"@type":"WebPage","@id":"https:\/\/nommos.me\/about\/","url":"https:\/\/nommos.me\/about\/","name":"O nas - Nommos","isPartOf":{"@id":"https:\/\/nommos.me\/#website"},"primaryImageOfPage":{"@id":"https:\/\/nommos.me\/about\/#primaryimage"},"image":{"@id":"https:\/\/nommos.me\/about\/#primaryimage"},"thumbnailUrl":"http:\/\/nommos.me\/wp-content\/uploads\/2022\/03\/Nommos20-03-82.jpg","datePublished":"2022-03-28T13:45:55+00:00","dateModified":"2022-11-21T20:29:44+00:00","breadcrumb":{"@id":"https:\/\/nommos.me\/about\/#breadcrumb"},"inLanguage":"sl-SI","potentialAction":[{"@type":"ReadAction","target":["https:\/\/nommos.me\/about\/"]}]},{"@type":"ImageObject","inLanguage":"sl-SI","@id":"https:\/\/nommos.me\/about\/#primaryimage","url":"http:\/\/nommos.me\/wp-content\/uploads\/2022\/03\/Nommos20-03-82.jpg","contentUrl":"http:\/\/nommos.me\/wp-content\/uploads\/2022\/03\/Nommos20-03-82.jpg"},{"@type":"BreadcrumbList","@id":"https:\/\/nommos.me\/about\/#breadcrumb","itemListElement":[{"@type":"ListItem","position":1,"name":"Home","item":"https:\/\/nommos.me\/"},{"@type":"ListItem","position":2,"name":"O nas"}]},{"@type":"WebSite","@id":"https:\/\/nommos.me\/#website","url":"https:\/\/nommos.me\/","name":"Nommos","description":"For Active Lifestyle","publisher":{"@id":"https:\/\/nommos.me\/#organization"},"potentialAction":[{"@type":"SearchAction","target":{"@type":"EntryPoint","urlTemplate":"https:\/\/nommos.me\/?s={search_term_string}"},"query-input":{"@type":"PropertyValueSpecification","valueRequired":true,"valueName":"search_term_string"}}],"inLanguage":"sl-SI"},{"@type":"Organization","@id":"https:\/\/nommos.me\/#organization","name":"Nommos","url":"https:\/\/nommos.me\/","logo":{"@type":"ImageObject","inLanguage":"sl-SI","@id":"https:\/\/nommos.me\/#\/schema\/logo\/image\/","url":"http:\/\/nommos.me\/wp-content\/uploads\/2022\/02\/nommos_Logo_outline_sign.jpg","contentUrl":"http:\/\/nommos.me\/wp-content\/uploads\/2022\/02\/nommos_Logo_outline_sign.jpg","width":700,"height":822,"caption":"Nommos"},"image":{"@id":"https:\/\/nommos.me\/#\/schema\/logo\/image\/"}}]}},"_links":{"self":[{"href":"https:\/\/nommos.me\/sl\/wp-json\/wp\/v2\/pages\/2182","targetHints":{"allow":["GET"]}}],"collection":[{"href":"https:\/\/nommos.me\/sl\/wp-json\/wp\/v2\/pages"}],"about":[{"href":"https:\/\/nommos.me\/sl\/wp-json\/wp\/v2\/types\/page"}],"author":[{"embeddable":true,"href":"https:\/\/nommos.me\/sl\/wp-json\/wp\/v2\/users\/2"}],"replies":[{"embeddable":true,"href":"https:\/\/nommos.me\/sl\/wp-json\/wp\/v2\/comments?post=2182"}],"version-history":[{"count":22,"href":"https:\/\/nommos.me\/sl\/wp-json\/wp\/v2\/pages\/2182\/revisions"}],"predecessor-version":[{"id":2471,"href":"https:\/\/nommos.me\/sl\/wp-json\/wp\/v2\/pages\/2182\/revisions\/2471"}],"wp:attachment":[{"href":"https:\/\/nommos.me\/sl\/wp-json\/wp\/v2\/media?parent=2182"}],"curies":[{"name":"wp","href":"https:\/\/api.w.org\/{rel}","templated":true}]}}